{"id":16,"date":"2022-03-28T14:38:35","date_gmt":"2022-03-28T12:38:35","guid":{"rendered":"https:\/\/envitech.digitelle.dev\/?page_id=16"},"modified":"2025-04-08T12:13:57","modified_gmt":"2025-04-08T10:13:57","slug":"mapgraph-vannkvalitet","status":"publish","type":"page","link":"https:\/\/envitech.no\/no\/products\/mapgraph-water-quality\/","title":{"rendered":"MAPGRAPH Drikkevann"},"content":{"rendered":"<p><strong>MAPGRAPH Drikkevann sparer tid og ressurser, sikrer kontinuitet ved endringer i personale og bidrar til effektiv kvalitetsstyring. Data valideres fortl\u00f8pende og avvik varsles. Du har alltid tilgang til testresultatene dine, og data deles enkelt mellom kollegaer og med myndigheter.<\/strong><\/p>\n\n\n\n<h3 class=\"wp-block-heading\">MAPGRAPH Publikumsportal<\/h3>\n\n\n\n<p>MAPGRAPH Drikkevannsportalen er s\u00f8ml\u00f8st innebygd p\u00e5 kommunens hjemmeside, for enkel tilgang for abonnenter og andre interessenter. Trekk ut rapporter og grafer om vannkvalitet og historikk p\u00e5 \u00f8nsket sted.<\/p>\n\n\n\n<figure class=\"wp-block-image size-large is-resized\"><img alt=\"\" decoding=\"async\" src=\"https:\/\/envitech.no\/wp-content\/uploads\/2022\/04\/portal-screenshot-1024x580.jpg\" class=\"wp-image-493\" width=\"512\" height=\"290\" srcset=\"https:\/\/envitech.no\/wp-content\/uploads\/2022\/04\/portal-screenshot-1024x580.jpg 1024w, https:\/\/envitech.no\/wp-content\/uploads\/2022\/04\/portal-screenshot-300x170.jpg 300w, https:\/\/envitech.no\/wp-content\/uploads\/2022\/04\/portal-screenshot-768x435.jpg 768w, https:\/\/envitech.no\/wp-content\/uploads\/2022\/04\/portal-screenshot.jpg 1132w\" sizes=\"(max-width: 512px) 100vw, 512px\" \/><\/figure>\n\n\n\n<p>Klikk p\u00e5 store ikoner for \u00e5 f\u00e5 tilgang til resultatene av alle vannpr\u00f8ver tatt p\u00e5 dette vannverket. Se tabeller eller grafer for den valgte tidsrammen. Ringer med antall representerer klynger av testpunkter, som blir tilgjengelige n\u00e5r zoom-inn brukes. Selve testpunktene er sm\u00e5 r\u00f8de ringer. Trykk p\u00e5 en slik ring i nabolaget ditt for \u00e5 f\u00e5 resultatene av vannpr\u00f8vene tatt p\u00e5 dette ene punktet.<\/p>\n\n\n\n<h3 class=\"wp-block-heading\">Enkel oppstart<\/h3>\n\n\n\n<p>Vi setter opp kontinuerlig import fra laboratorier og alle slags datakilder. Vi setter opp rapporter og dashboard slik du \u00f8nsker dem. Din oppgave er \u00e5 kontrollere at oppsettet samsvarer med dine behov. Du kan straks g\u00e5 i gang med din faglige bruk av data, med overv\u00e5king av vannkvalitet og milj\u00f8.<\/p>\n\n\n\n<ul class=\"has-background wp-block-list\" style=\"background-color:#bfdcee\">\n<li>MAPGRAPH samler kontinuerlig laboratoriedata  fra alle laboratorier til ett arkiv, enten det er ditt eget interne laboratorium eller eksterne laboratorier.<\/li>\n\n\n\n<li> Data blir tilgjengelig p\u00e5 nettet umiddelbart etter at de er importert.<\/li>\n\n\n\n<li>MAPGRAPH Drikkevannportal er i samsvar med drikkevannsforskriftens \u00a723 opplysningsplikt til abonnentene.<\/li>\n\n\n\n<li>Historiske data sikrer lange tidsserier fra oppstart med \u00e5rsrapportering.<\/li>\n<\/ul>\n\n\n\n<h3 class=\"wp-block-heading\">Spar tid med drikkevannportalen<\/h3>\n\n\n\n<p>MAPGRAPH Drikkevann er i samsvar med drikkevannsforskriftens \u00a723.<br><em>Opplysningsplikt til abonnentene.\n<i> \u00abVannverkseieren skal sikre at abonnentene til enhver tid har tilgang til oppdatert informasjon om drikkevannskvaliteten\u00bb<\/i><\/em> .<\/p>\n\n\n\n<p>Drikkevannportalen sparer tid ved \u00e5 gi abonnentene selvbetjent tilgang til kontinuerlig\noppdatert drikkevannskvalitet i nabolaget sitt. Med et kartbasert, grafisk brukergrensesnitt\ner portalen b\u00e5de enkel og spennende \u00e5 bruke. Portalen er laget for s\u00f8ml\u00f8s integrering i\nkommunens egne nettsider.<\/p>\n\n\n\n<h3 class=\"wp-block-heading\">Automatisert import fra alle laboratorier<\/h3>\n\n\n\n<p>MAPGRAPH kan settes opp for automatisk import av data fra laboratorier. Vi importerer data fra lokale laboratorier i mange land. Importerte data valideres og avvik varsles til ansvarlige.<\/p>\n\n\n\n<p>MAPGRAPH Drikkevann kan ogs\u00e5 settes opp med historisk informasjon fra start. Nye data importeres fortl\u00f8pende og presenteres sammen med  historiske data. S\u00e5 allerede ved oppstart vil du ha tilgang til effektive diagrammer og presentasjoner som vil gi en oversikt over den n\u00e5v\u00e6rende tilstanden.<\/p>\n\n\n\n<p>Sp\u00f8r oss om MAPGRAPH LIMS, en avansert l\u00f8sning for interne laboratorier<br><em>(LIMS- Laboratory Information Management System.)<\/em><\/p>\n\n\n\n<h3 class=\"wp-block-heading\">Og oppstart krever minimal innsats<\/h3>\n\n\n\n<p>Vi setter det opp, og s\u00f8rger for en flying start. Ta en titt p\u00e5 v\u00e5r side <a href=\"https:\/\/envitech.no\/no\/tjenester\/\" data-type=\"page\" data-id=\"39\"><b>TJENESTER<\/b> <\/a>.<\/p>\n\n\n\n<div style=\"height:50px\" aria-hidden=\"true\" class=\"wp-block-spacer\"><\/div>\n\n\n\n<h2 class=\"wp-block-heading\">Se pris og bestillingsinformasjon p\u00e5 <br>Veracity av Det Norske Veritas<\/h2>\n\n\n\n<figure class=\"wp-block-image size-large is-resized\"><a href=\"https:\/\/store.veracity.com\/mapgraph-drinking-water\" target=\"_blank\" rel=\"noreferrer noopener\"><img decoding=\"async\" src=\"https:\/\/envitech.no\/wp-content\/uploads\/2023\/05\/229shots_so-1024x683.png\" alt=\"Se pris- og bestillingsinformasjon hos Veracity by DNV\" class=\"wp-image-1192\" width=\"512\" height=\"342\" srcset=\"https:\/\/envitech.no\/wp-content\/uploads\/2023\/05\/229shots_so-1024x683.png 1024w, https:\/\/envitech.no\/wp-content\/uploads\/2023\/05\/229shots_so-300x200.png 300w, https:\/\/envitech.no\/wp-content\/uploads\/2023\/05\/229shots_so-768x512.png 768w, https:\/\/envitech.no\/wp-content\/uploads\/2023\/05\/229shots_so-1536x1024.png 1536w, https:\/\/envitech.no\/wp-content\/uploads\/2023\/05\/229shots_so-18x12.png 18w, https:\/\/envitech.no\/wp-content\/uploads\/2023\/05\/229shots_so.png 1920w\" sizes=\"(max-width: 512px) 100vw, 512px\" \/><\/a><\/figure>\n\n\n\n<div class=\"wp-block-stackable-button-group stk-block-button-group stk-block stk-8de9da3\" data-block-id=\"8de9da3\"><div class=\"stk-row stk-inner-blocks stk-block-content stk-button-group\">\n<div class=\"wp-block-stackable-button stk-block-button stk-block stk-b3f4135\" data-block-id=\"b3f4135\"><style>.stk-b3f4135 .stk-button:hover:after{background:var(--theme-palette-color-2,#8ac865) !important;opacity:1 !important}.stk-b3f4135 .stk-button:hover .stk-button__inner-text{color:var(--theme-palette-color-6,#f2f5f7) !important}<\/style><a class=\"stk-link stk-button stk--hover-effect-darken\" href=\"https:\/\/store.veracity.com\/mapgraph-drinking-water\" target=\"_blank\" rel=\"noreferrer noopener\"><span class=\"stk-button__inner-text\">Kj\u00f8p gjennom Veracity av DNV<\/span><\/a><\/div>\n<\/div><\/div>\n\n\n\n<div class=\"wp-block-stackable-columns stk-block-columns stk-block stk-964d3bf\" data-block-id=\"964d3bf\"><div class=\"stk-row stk-inner-blocks stk-block-content stk-content-align stk-964d3bf-column\">\n<div class=\"wp-block-stackable-column stk-block-column stk-block-column--v3 stk-column stk-block-column--v2 stk-block stk-062e88e\" data-block-id=\"062e88e\"><div class=\"stk-column-wrapper stk-block-column__content stk-container stk-062e88e-container stk--no-background stk--no-padding\"><div class=\"stk-block-content stk-inner-blocks stk-062e88e-inner-blocks\">\n<div class=\"wp-block-stackable-columns stk-block-columns stk-block stk-be97f11\" data-block-id=\"be97f11\"><div class=\"stk-row stk-inner-blocks stk-block-content stk-content-align stk-be97f11-column\">\n<div class=\"wp-block-stackable-column stk-block-column stk-block-column--v3 stk-column stk-block-column--v2 stk-block stk-6001bc3\" data-block-id=\"6001bc3\"><div class=\"stk-column-wrapper stk-block-column__content stk-container stk-6001bc3-container stk--no-background stk--no-padding\"><div class=\"stk-block-content stk-inner-blocks stk-6001bc3-inner-blocks\">\n<div class=\"wp-block-stackable-columns stk-block-columns stk-block stk-be14ad3\" data-block-id=\"be14ad3\"><div class=\"stk-row stk-inner-blocks stk-block-content stk-content-align stk-be14ad3-column\">\n<div class=\"wp-block-stackable-column stk-block-column stk-block-column--v3 stk-column stk-block-column--v2 stk-block stk-b7311c9\" data-block-id=\"b7311c9\"><div class=\"stk-column-wrapper stk-block-column__content stk-container stk-b7311c9-container stk--no-background stk--no-padding\"><div class=\"stk-block-content stk-inner-blocks stk-b7311c9-inner-blocks\">\n<div class=\"wp-block-stackable-columns stk-block-columns stk-block stk-15ecff4 stk-block-background\" data-block-id=\"15ecff4\"><style>.stk-15ecff4{margin-top:50px !important}<\/style><div class=\"stk-row stk-inner-blocks stk-block-content stk-content-align stk-15ecff4-column\">\n<div class=\"wp-block-stackable-column stk-block-column stk-block-column--v3 stk-column stk-block-column--v2 stk-block stk-dc4be17\" data-block-id=\"dc4be17\"><style>.stk-dc4be17-inner-blocks{justify-content:flex-start !important}.stk-dc4be17-container{display:flex !important;flex-direction:column !important}@media screen and (min-width:690px){.stk-dc4be17{flex:1 1 calc(40.4% - var(--stk-column-gap,0px) * 1 \/ 2 ) !important}}<\/style><div class=\"stk-column-wrapper stk-block-column__content stk-container stk-dc4be17-container stk--no-background stk--no-padding\"><div class=\"has-text-align-left stk-block-content stk-inner-blocks stk-dc4be17-inner-blocks\">\n<div class=\"wp-block-stackable-heading stk-block-heading stk-block-heading--v2 stk-block stk-b463c65\" id=\"drinking-water\" data-block-id=\"b463c65\"><style>.stk-b463c65{margin-bottom:10px !important}<\/style><h3 class=\"stk-block-heading__text has-text-align-left stk-block-heading--use-theme-margins\">MAPGRAPH Drikkevann<\/h3><\/div>\n\n\n\n<div class=\"wp-block-stackable-button-group stk-block-button-group stk-block stk-d6e5de2\" data-block-id=\"d6e5de2\"><div class=\"stk-row stk-inner-blocks stk-block-content stk-button-group\">\n<div class=\"wp-block-stackable-button stk-block-button stk-block stk-db07202\" data-block-id=\"db07202\"><style>.stk-db07202 .stk-button:hover:after{background:var(--theme-palette-color-2,#8ac865) !important;opacity:1 !important}.stk-db07202 .stk-button:hover .stk-button__inner-text{color:var(--theme-palette-color-6,#f2f5f7) !important}<\/style><a class=\"stk-link stk-button stk--hover-effect-darken\" href=\"https:\/\/envitech.no\/wp-content\/uploads\/2022\/09\/MAPGRAPH-Drikkevann_v.17.02.2021.pdf\" target=\"_blank\" rel=\"noreferrer noopener\"><span class=\"stk--svg-wrapper\"><div class=\"stk--inner-svg\"><svg aria-hidden=\"true\" focusable=\"false\" data-prefix=\"fas\" data-icon=\"file-download\" class=\"svg-inline--fa fa-file-download fa-w-12\" xmlns=\"http:\/\/www.w3.org\/2000\/svg\" viewbox=\"0 0 384 512\" width=\"32\" height=\"32\"><path fill=\"currentColor\" d=\"M224 136V0H24C10.7 0 0 10.7 0 24v464c0 13.3 10.7 24 24 24h336c13.3 0 24-10.7 24-24V160H248c-13.2 0-24-10.8-24-24zm76.45 211.36l-96.42 95.7c-6.65 6.61-17.39 6.61-24.04 0l-96.42-95.7C73.42 337.29 80.54 320 94.82 320H160v-80c0-8.84 7.16-16 16-16h32c8.84 0 16 7.16 16 16v80h65.18c14.28 0 21.4 17.29 11.27 27.36zM377 105L279.1 7c-4.5-4.5-10.6-7-17-7H256v128h128v-6.1c0-6.3-2.5-12.4-7-16.9z\"><\/path><\/svg><\/div><\/span><span class=\"stk-button__inner-text\">Last ned produktblad<\/span><\/a><\/div>\n<\/div><\/div>\n\n\n\n<figure class=\"wp-block-image size-full is-resized\"><a href=\"https:\/\/envitech.no\/wp-content\/uploads\/2022\/09\/MAPGRAPH-Drikkevann_v.17.02.2021.pdf\" target=\"_blank\" rel=\"noopener\"><img alt=\"\" decoding=\"async\" src=\"https:\/\/envitech.no\/wp-content\/uploads\/2022\/09\/thumb_mg-drikkevann.jpg\" class=\"wp-image-953\" width=\"250\" srcset=\"https:\/\/envitech.no\/wp-content\/uploads\/2022\/09\/thumb_mg-drikkevann.jpg 595w, https:\/\/envitech.no\/wp-content\/uploads\/2022\/09\/thumb_mg-drikkevann-212x300.jpg 212w, https:\/\/envitech.no\/wp-content\/uploads\/2022\/09\/thumb_mg-drikkevann-8x12.jpg 8w\" sizes=\"(max-width: 595px) 100vw, 595px\" \/><\/a><\/figure>\n<\/div><\/div><\/div>\n\n\n\n<div class=\"wp-block-stackable-column stk-block-column stk-block-column--v3 stk-column stk-block-column--v2 stk-block stk-cef7962\" data-block-id=\"cef7962\"><style>.stk-cef7962{align-self:center !important}.stk-cef7962-inner-blocks{justify-content:flex-start !important}.stk-cef7962-container{display:flex !important;flex-direction:column !important}@media screen and (min-width:690px){.stk-cef7962{flex:1 1 calc(59.6% - var(--stk-column-gap,0px) * 1 \/ 2 ) !important}}<\/style><div class=\"stk-column-wrapper stk-block-column__content stk-container stk-cef7962-container stk--no-background stk--no-padding\"><div class=\"has-text-align-left stk-block-content stk-inner-blocks stk-cef7962-inner-blocks\">\n<div class=\"wp-block-stackable-heading stk-block-heading stk-block-heading--v2 stk-block stk-927afd8\" id=\"drinking-water-portal\" data-block-id=\"927afd8\"><style>.stk-927afd8{margin-bottom:10px !important}<\/style><h3 class=\"stk-block-heading__text has-text-align-left stk-block-heading--use-theme-margins\">MAPGRAPH Drikkevannsportal<\/h3><\/div>\n\n\n\n<div class=\"wp-block-stackable-button-group stk-block-button-group stk-block stk-8fe1e5e\" data-block-id=\"8fe1e5e\"><div class=\"stk-row stk-inner-blocks has-text-align-left stk-block-content stk-button-group\">\n<div class=\"wp-block-stackable-button stk-block-button stk-block stk-dbc1e17\" data-block-id=\"dbc1e17\"><style>.stk-dbc1e17 .stk-button:hover:after{background:var(--theme-palette-color-2,#8ac865) !important;opacity:1 !important}.stk-dbc1e17 .stk-button:hover .stk-button__inner-text{color:var(--theme-palette-color-6,#f2f5f7) !important}<\/style><a class=\"stk-link stk-button stk--hover-effect-darken\" href=\"https:\/\/envitech.no\/wp-content\/uploads\/2022\/09\/MAPGRAPH-Publikumsportal_25.11.2021.pdf\" target=\"_blank\" rel=\"noreferrer noopener\"><span class=\"stk--svg-wrapper\"><div class=\"stk--inner-svg\"><svg aria-hidden=\"true\" focusable=\"false\" data-prefix=\"fas\" data-icon=\"file-download\" class=\"svg-inline--fa fa-file-download fa-w-12\" xmlns=\"http:\/\/www.w3.org\/2000\/svg\" viewbox=\"0 0 384 512\" width=\"32\" height=\"32\"><path fill=\"currentColor\" d=\"M224 136V0H24C10.7 0 0 10.7 0 24v464c0 13.3 10.7 24 24 24h336c13.3 0 24-10.7 24-24V160H248c-13.2 0-24-10.8-24-24zm76.45 211.36l-96.42 95.7c-6.65 6.61-17.39 6.61-24.04 0l-96.42-95.7C73.42 337.29 80.54 320 94.82 320H160v-80c0-8.84 7.16-16 16-16h32c8.84 0 16 7.16 16 16v80h65.18c14.28 0 21.4 17.29 11.27 27.36zM377 105L279.1 7c-4.5-4.5-10.6-7-17-7H256v128h128v-6.1c0-6.3-2.5-12.4-7-16.9z\"><\/path><\/svg><\/div><\/span><span class=\"stk-button__inner-text\">Last ned produktblad<\/span><\/a><\/div>\n<\/div><\/div>\n\n\n\n<figure class=\"wp-block-image size-full is-resized\"><a href=\"https:\/\/envitech.no\/wp-content\/uploads\/2022\/09\/MAPGRAPH-Publikumsportal_25.11.2021.pdf\" target=\"_blank\" rel=\"noopener\"><img alt=\"\" decoding=\"async\" src=\"https:\/\/envitech.no\/wp-content\/uploads\/2022\/09\/thumb_mg-publikumsportal.jpg\" class=\"wp-image-952\" width=\"250\" srcset=\"https:\/\/envitech.no\/wp-content\/uploads\/2022\/09\/thumb_mg-publikumsportal.jpg 595w, https:\/\/envitech.no\/wp-content\/uploads\/2022\/09\/thumb_mg-publikumsportal-212x300.jpg 212w, https:\/\/envitech.no\/wp-content\/uploads\/2022\/09\/thumb_mg-publikumsportal-8x12.jpg 8w\" sizes=\"(max-width: 595px) 100vw, 595px\" \/><\/a><\/figure>\n<\/div><\/div><\/div>\n<\/div><\/div>\n<\/div><\/div><\/div>\n<\/div><\/div>\n<\/div><\/div><\/div>\n<\/div><\/div>\n<\/div><\/div><\/div>\n<\/div><\/div>","protected":false},"excerpt":{"rendered":"<p>MAPGRAPH Drikkevann er en skytjeneste for overv\u00e5king og dokumentering av vannkvalitet. Tjenesten inkluderer kontinuerlig import av data fra alle laboratorier og effektiv h\u00e5ndtering av laboratorieresultater. En portalmodul lar abonnentene sjekke vannkvaliteten p\u00e5 deres geografiske plassering fra en kartl\u00f8sning innebygd i kommunens hjemmesider.<\/p>","protected":false},"author":2,"featured_media":141,"parent":46,"menu_order":0,"comment_status":"closed","ping_status":"closed","template":"","meta":{"_seopress_robots_primary_cat":"","_seopress_titles_title":"MAPGRAPH Drinking Water \u2013 Complete solution for monitoring drinking water quality","_seopress_titles_desc":"Ensure safe drinking water with MAPGRAPH Drinking Water, offering continuous data import and efficient lab result management.","_seopress_robots_index":"","footnotes":""},"class_list":["post-16","page","type-page","status-publish","has-post-thumbnail","hentry"],"blocksy_meta":{"styles_descriptor":{"styles":{"desktop":"","tablet":"","mobile":""},"google_fonts":[],"version":6},"page_title_panel":"","has_hero_section":"default","ed42f08a0d1a82fecd890ec7f4f77653":"","hero_section":"type-1","hero_elements":[{"id":"custom_title","enabled":true,"heading_tag":"h1","title":"Hjem"},{"id":"custom_description","enabled":true,"description_visibility":{"desktop":true,"tablet":true,"mobile":false}},{"id":"custom_meta","enabled":false,"meta_elements":[{"id":"author","enabled":true,"label":"By","has_author_avatar":"yes","avatar_size":25},{"id":"post_date","enabled":true,"label":"On","date_format_source":"default","date_format":"M j, Y"},{"id":"updated_date","enabled":false,"label":"On","date_format_source":"default","date_format":"M j, Y"},{"id":"categories","enabled":false,"label":"In","style":"simple"},{"id":"comments","enabled":true}],"page_meta_elements":{"joined":true,"articles_count":true,"comments":true}},{"id":"breadcrumbs","enabled":false}],"7d4f7829dbfaa4a0674c4fd78c035a6e":"","hero_alignment1":"CT_CSS_SKIP_RULE","hero_margin":40,"hero_alignment2":"center","hero_vertical_alignment":"center","5b3141406c298acf33f42c195a0b3491":"","hero_structure":"narrow","ae8f200766bcb86d6f63a45dab88911d":"","page_title_bg_type":"featured_image","custom_hero_background":{"attachment_id":null},"page_title_image_size":"full","parallax":{"desktop":false,"tablet":false,"mobile":false},"e904cd98adf5fcbab9270764cc46326b":"","hero_height":"250px","pageTitleFont":{"family":"Default","variation":"Default","size":"30px","line-height":"CT_CSS_SKIP_RULE","letter-spacing":"CT_CSS_SKIP_RULE","text-transform":"CT_CSS_SKIP_RULE","text-decoration":"CT_CSS_SKIP_RULE"},"pageTitleFontColor":{"default":{"color":"CT_CSS_SKIP_RULEDEFAULT"}},"pageMetaFont":{"family":"Default","variation":"n6","size":"12px","line-height":"1.3","letter-spacing":"CT_CSS_SKIP_RULE","text-transform":"uppercase","text-decoration":"CT_CSS_SKIP_RULE"},"pageMetaFontColor":{"default":{"color":"CT_CSS_SKIP_RULEDEFAULT"},"hover":{"color":"CT_CSS_SKIP_RULEDEFAULT"}},"page_meta_button_type_font_colors":{"default":{"color":"CT_CSS_SKIP_RULEDEFAULT"},"hover":{"color":"CT_CSS_SKIP_RULEDEFAULT"}},"page_meta_button_type_background_colors":{"default":{"color":"CT_CSS_SKIP_RULEDEFAULT"},"hover":{"color":"CT_CSS_SKIP_RULEDEFAULT"}},"pageExcerptFont":{"family":"Default","variation":"Default","size":"CT_CSS_SKIP_RULE","line-height":"CT_CSS_SKIP_RULE","letter-spacing":"CT_CSS_SKIP_RULE","text-transform":"CT_CSS_SKIP_RULE","text-decoration":"CT_CSS_SKIP_RULE"},"pageExcerptColor":{"default":{"color":"CT_CSS_SKIP_RULEDEFAULT"}},"breadcrumbsFont":{"family":"Default","variation":"Default","size":"CT_CSS_SKIP_RULE","line-height":"CT_CSS_SKIP_RULE","letter-spacing":"CT_CSS_SKIP_RULE","text-transform":"CT_CSS_SKIP_RULE","text-decoration":"CT_CSS_SKIP_RULE"},"breadcrumbsFontColor":{"default":{"color":"CT_CSS_SKIP_RULEDEFAULT"},"initial":{"color":"CT_CSS_SKIP_RULEDEFAULT"},"hover":{"color":"CT_CSS_SKIP_RULEDEFAULT"}},"acf_field_hero_elements":"","typography":{"family":"Default","variation":"Default","size":"CT_CSS_SKIP_RULE","line-height":"CT_CSS_SKIP_RULE","letter-spacing":"CT_CSS_SKIP_RULE","text-transform":"CT_CSS_SKIP_RULE","text-decoration":"CT_CSS_SKIP_RULE"},"color":{"default":{"color":"CT_CSS_SKIP_RULEDEFAULT"},"hover":{"color":"CT_CSS_SKIP_RULEDEFAULT"}},"metabox_field_hero_elements":"","toolset_field_hero_elements":"","jetengine_field_hero_elements":"","custom_field_hero_elements":"","pageTitleOverlay":{"background_type":"color","background_pattern":"type-1","background_image":{"attachment_id":null,"x":0,"y":0},"gradient":"linear-gradient(135deg,rgba(6,147,227,1) 0%,rgb(155,81,224) 100%)","background_repeat":"repeat","background_size":"auto","background_attachment":"scroll","patternColor":{"default":{"color":"#e5e7ea"}},"overlayColor":{"default":{"color":"CT_CSS_SKIP_RULE"}},"backgroundColor":{"default":{"color":"CT_CSS_SKIP_RULE"}}},"pageTitleBackground":{"background_type":"color","background_pattern":"type-1","background_image":{"attachment_id":null,"x":0,"y":0},"gradient":"linear-gradient(135deg,rgba(6,147,227,1) 0%,rgb(155,81,224) 100%)","background_repeat":"repeat","background_size":"auto","background_attachment":"scroll","patternColor":{"default":{"color":"#e5e7ea"}},"overlayColor":{"default":{"color":"CT_CSS_SKIP_RULE"}},"backgroundColor":{"default":{"color":"var(--theme-palette-color-6)"}}},"pageTitlePadding":{"top":"50px","bottom":"50px","left":"auto","right":"auto","linked":true},"d0815aadcf89de74a3185ccee4117c65":"","page_structure_type":"type-1","9958085a3278e764934cefc6edb31c7b":"","content_style_source":"inherit","content_style":"wide","vertical_spacing_source":"inherit","content_area_spacing":"both","background":{"background_type":"color","background_pattern":"type-1","background_image":{"attachment_id":null,"x":0,"y":0},"gradient":"linear-gradient(135deg,rgba(6,147,227,1) 0%,rgb(155,81,224) 100%)","background_repeat":"repeat","background_size":"auto","background_attachment":"scroll","patternColor":{"default":{"color":"#e5e7ea"}},"overlayColor":{"default":{"color":"CT_CSS_SKIP_RULE"}},"backgroundColor":{"default":{"color":"CT_CSS_SKIP_RULE"}}},"content_background":{"background_type":"color","background_pattern":"type-1","background_image":{"attachment_id":null,"x":0,"y":0},"gradient":"linear-gradient(135deg,rgba(6,147,227,1) 0%,rgb(155,81,224) 100%)","background_repeat":"repeat","background_size":"auto","background_attachment":"scroll","patternColor":{"default":{"color":"#e5e7ea"}},"overlayColor":{"default":{"color":"CT_CSS_SKIP_RULE"}},"backgroundColor":{"default":{"color":"var(--theme-palette-color-8)"}}},"content_boxed_shadow":{"inherit":false,"blur":18,"spread":-6,"v_offset":12,"h_offset":0,"inset":false,"enable":true,"color":{"color":"rgba(34, 56, 101, 0.04)"}},"boxed_content_spacing":{"desktop":{"top":"40px","bottom":"40px","left":"40px","right":"40px","linked":true},"tablet":{"top":"35px","bottom":"35px","left":"35px","right":"35px","linked":true},"mobile":{"top":"20px","bottom":"20px","left":"20px","right":"20px","linked":true}},"content_boxed_radius":{"top":"3px","bottom":"3px","left":"3px","right":"3px","linked":true},"65b7cbbad2da06d35f02ebb459f32c53":"","disable_featured_image":"no","disable_share_box":"no","disable_header":"no","disable_footer":"no","42c2ce1803c5baba8c5edeca07fca20f":"","f21e1b65d47938a5692442def36d9795":"","a2f5882c9810b92d7c6578c15e132815":"","8f6df4304efbdeac8128a8fdc4aa7c94":"","a3e91d7151528ad8f0ee9e16ada6250e":"","16c06f2db5ca048a3351e08d29224b48":"","35cb926256982f6dc36f04e57d061798":"","e201de7f573a482fb6b723b0b43a88a8":"","0d3bed847cbf85fbd02461eb9f24efec":"","16bf5143d1623d638261e5ecd00b82d2":"","74b242220f0e0cdde192964b89fb026c":"","0564af9b9085c5ac22e9f27e721d1ed4":"","dc94692a07220b54a69f40e99ccc91e5":"","63c3f8fe7b2396a1409330cdd7b25550":"","0c90c15f2c1f051c2c92222fd71f1580":"","24d8c98603dc21afb1094c00ecffde87":""},"_links":{"self":[{"href":"https:\/\/envitech.no\/no\/wp-json\/wp\/v2\/pages\/16","targetHints":{"allow":["GET"]}}],"collection":[{"href":"https:\/\/envitech.no\/no\/wp-json\/wp\/v2\/pages"}],"about":[{"href":"https:\/\/envitech.no\/no\/wp-json\/wp\/v2\/types\/page"}],"author":[{"embeddable":true,"href":"https:\/\/envitech.no\/no\/wp-json\/wp\/v2\/users\/2"}],"replies":[{"embeddable":true,"href":"https:\/\/envitech.no\/no\/wp-json\/wp\/v2\/comments?post=16"}],"version-history":[{"count":1,"href":"https:\/\/envitech.no\/no\/wp-json\/wp\/v2\/pages\/16\/revisions"}],"predecessor-version":[{"id":1456,"href":"https:\/\/envitech.no\/no\/wp-json\/wp\/v2\/pages\/16\/revisions\/1456"}],"up":[{"embeddable":true,"href":"https:\/\/envitech.no\/no\/wp-json\/wp\/v2\/pages\/46"}],"wp:featuredmedia":[{"embeddable":true,"href":"https:\/\/envitech.no\/no\/wp-json\/wp\/v2\/media\/141"}],"wp:attachment":[{"href":"https:\/\/envitech.no\/no\/wp-json\/wp\/v2\/media?parent=16"}],"curies":[{"name":"wp","href":"https:\/\/api.w.org\/{rel}","templated":true}]}}