{"id":20,"date":"2022-03-28T14:50:06","date_gmt":"2022-03-28T12:50:06","guid":{"rendered":"https:\/\/envitech.digitelle.dev\/?page_id=20"},"modified":"2025-04-08T12:14:41","modified_gmt":"2025-04-08T10:14:41","slug":"mapgraph-elvebasseng-og-vannskiller","status":"publish","type":"page","link":"https:\/\/envitech.no\/no\/products\/mapgraph-river-basin-and-watersheds\/","title":{"rendered":"MAPGRAPH Vannmilj\u00f8"},"content":{"rendered":"<h3 class=\"wp-block-heading\"><strong>Klimap\u00e5virkning og vannf\u00f8ring i vassdrag<\/strong><\/h3>\n\n\n\n<p>MAPGRAPH Vannmilj\u00f8 samler data, gir oversikt og illustrerer hvordan vannkvaliteten p\u00e5virkes i vassdrag og resipienter \u2013 b\u00e5de oppstr\u00f8ms og nedstr\u00f8ms for sentrale utslippspunkter.<\/p>\n\n\n\n<p>V\u00e6ret kan p\u00e5virke vannkvaliteten betydelig. Derfor kan nedb\u00f8rdata og annen v\u00e6rinformasjon importeres fra klimastasjoner eller \u00e5pne kilder og sammenholdes med den observerte vannkvaliteten.<\/p>\n\n\n\n<p>Vannf\u00f8ringer i vassdraget kan beregnes fra vannstandsm\u00e5linger levert av feltstasjoner eller fra andre datakilder. Feltstasjoner er geolokalisert i kart, og avlesninger og varsler visualiseres i sanntid i kartene.<\/p>\n\n\n\n<p>MAPGRAPH Vannmilj\u00f8 muliggj\u00f8r tett oppf\u00f8lging av vannkvaliteten i fjorder, elver og vannveier. Sanntidsm\u00e5linger og definerte grenser gj\u00f8r det mulig \u00e5 varsle avvik dersom en u\u00f8nsket situasjon oppdages i for eksempel en drikkevannskilde.<\/p>\n\n\n\n<ul class=\"has-background wp-block-list\" style=\"background-color:#bfdcee\"><li>Overv\u00e5k vannkvalitet i kart mot fastsatte kvalitetsklasser.<\/li><li>Dokumenter milj\u00f8p\u00e5virkning fra punktutslipp og arealer.<\/li><li>Publiser oppdatert vannkvalitet til publikum fra kommunens egne hjemmesider.<\/li><li>Rapporter innsamlede data til vannmilj\u00f8databasen og nasjonale milj\u00f8myndigheter.<\/li><li>MAPGRAPH effektiviserer samhandling i vannomr\u00e5det.<\/li><li>MAPGRAPH Vannmilj\u00f8 sparer tid og sikrer kontinuitet.<\/li><\/ul>\n\n\n\n<h4 class=\"wp-block-heading\">Badevannskvalitet<\/h4>\n\n\n\n<p>MAPGRAPH badevannportal gir oppdatert informasjon til publikum om badevannskvalitet fra kommunens egne hjemmesider. Selve portalen er kartbasert med ikoner farget basert p\u00e5 vannkvaliteten. Vanntemperatur og andre relevante data kan ogs\u00e5 inkluderes.<\/p>\n\n\n\n<h4 class=\"wp-block-heading\">Deling av data og rapportering til sentrale myndigheter<\/h4>\n\n\n\n<p>All data kan eksporteres fra MAPGRAPH til Excel, noe som gj\u00f8r prosessen med \u00e5 dele data med kolleger og myndigheter til en enkel og effektiv oppgave. Vi tilbyr ogs\u00e5 maler for eksport til nasjonale databaser. <\/p>\n\n\n\n<div class=\"wp-block-stackable-columns stk-block-columns stk-block stk-15ecff4 stk-block-background\" data-block-id=\"15ecff4\"><style>.stk-15ecff4{margin-top:50px !important}<\/style><div class=\"stk-row stk-inner-blocks stk-block-content stk-content-align stk-15ecff4-column\">\n<div class=\"wp-block-stackable-column stk-block-column stk-column stk-block stk-dc4be17\" data-block-id=\"dc4be17\"><style>@media screen and (min-width:690px){.stk-dc4be17{flex:1 1 calc(60% - var(--stk-column-gap,0px) * 1 \/ 2 ) !important}}<\/style><div class=\"stk-column-wrapper stk-block-column__content stk-container stk-dc4be17-container stk--no-background stk--no-padding\"><div class=\"stk-block-content stk-inner-blocks\">\n<div class=\"wp-block-stackable-heading stk-block-heading stk-block stk-5fa11ad\" id=\"more-information\" data-block-id=\"5fa11ad\"><h2 class=\"stk-block-heading__text\">Mer informasjon<\/h2><\/div>\n\n\n\n<div class=\"wp-block-stackable-button-group stk-block-button-group stk-block stk-d6e5de2\" data-block-id=\"d6e5de2\"><div class=\"stk-row stk-inner-blocks stk-block-content stk-button-group\">\n<div class=\"wp-block-stackable-button stk-block-button stk-block stk-db07202\" data-block-id=\"db07202\"><style>.stk-db07202 .stk-button:hover:after{background:var(--theme-palette-color-2,#8ac865) !important;opacity:1 !important}.stk-db07202 .stk-button:hover .stk-button__inner-text{color:var(--theme-palette-color-6,#f2f5f7) !important}<\/style><a class=\"stk-link stk-button stk--hover-effect-darken\" href=\"https:\/\/envitech.no\/wp-content\/uploads\/2022\/09\/MAPGRAPH-Vannmiljo_15.04.2021.pdf\" target=\"_blank\" rel=\"noreferrer noopener\"><span class=\"stk--svg-wrapper\"><div class=\"stk--inner-svg\"><svg aria-hidden=\"true\" focusable=\"false\" data-prefix=\"fas\" data-icon=\"file-download\" class=\"svg-inline--fa fa-file-download fa-w-12\" xmlns=\"http:\/\/www.w3.org\/2000\/svg\" viewbox=\"0 0 384 512\" width=\"32\" height=\"32\"><path fill=\"currentColor\" d=\"M224 136V0H24C10.7 0 0 10.7 0 24v464c0 13.3 10.7 24 24 24h336c13.3 0 24-10.7 24-24V160H248c-13.2 0-24-10.8-24-24zm76.45 211.36l-96.42 95.7c-6.65 6.61-17.39 6.61-24.04 0l-96.42-95.7C73.42 337.29 80.54 320 94.82 320H160v-80c0-8.84 7.16-16 16-16h32c8.84 0 16 7.16 16 16v80h65.18c14.28 0 21.4 17.29 11.27 27.36zM377 105L279.1 7c-4.5-4.5-10.6-7-17-7H256v128h128v-6.1c0-6.3-2.5-12.4-7-16.9z\"><\/path><\/svg><\/div><\/span><span class=\"stk-button__inner-text\">Last ned produktblad<\/span><\/a><\/div>\n\n\n\n<div class=\"wp-block-stackable-button stk-block-button stk-block stk-8978a81\" data-block-id=\"8978a81\"><style>.stk-8978a81 .stk-button{background:var(--theme-palette-color-3,#3A4F66) !important}.stk-8978a81 .stk-button:hover:after{background:var(--theme-palette-color-2,#8ac865) !important;opacity:1 !important}.stk-8978a81 .stk-button:hover .stk-button__inner-text{color:var(--theme-palette-color-6,#f2f5f7) !important}<\/style><a class=\"stk-link stk-button stk--hover-effect-darken\" href=\"https:\/\/envitech.no\/no\/selskap\/kontakt-oss\/\" rel=\"noreferrer noopener\"><span class=\"stk--svg-wrapper\"><div class=\"stk--inner-svg\"><svg aria-hidden=\"true\" focusable=\"false\" data-prefix=\"fas\" data-icon=\"envelope\" class=\"svg-inline--fa fa-envelope fa-w-16\" xmlns=\"http:\/\/www.w3.org\/2000\/svg\" viewbox=\"0 0 512 512\" width=\"32\" height=\"32\"><path fill=\"currentColor\" d=\"M502.3 190.8c3.9-3.1 9.7-.2 9.7 4.7V400c0 26.5-21.5 48-48 48H48c-26.5 0-48-21.5-48-48V195.6c0-5 5.7-7.8 9.7-4.7 22.4 17.4 52.1 39.5 154.1 113.6 21.1 15.4 56.7 47.8 92.2 47.6 35.7.3 72-32.8 92.3-47.6 102-74.1 131.6-96.3 154-113.7zM256 320c23.2.4 56.6-29.2 73.4-41.4 132.7-96.3 142.8-104.7 173.4-128.7 5.8-4.5 9.2-11.5 9.2-18.9v-19c0-26.5-21.5-48-48-48H48C21.5 64 0 85.5 0 112v19c0 7.4 3.4 14.3 9.2 18.9 30.6 23.9 40.7 32.4 173.4 128.7 16.8 12.2 50.2 41.8 73.4 41.4z\"><\/path><\/svg><\/div><\/span><span class=\"stk-button__inner-text\">Kontakt oss<\/span><\/a><\/div>\n<\/div><\/div>\n<\/div><\/div><\/div>\n\n\n\n<div class=\"wp-block-stackable-column stk-block-column stk-column stk-block stk-cef7962\" data-block-id=\"cef7962\"><style>.stk-cef7962{align-self:center !important}@media screen and (min-width:690px){.stk-cef7962{flex:1 1 calc(40% - var(--stk-column-gap,0px) * 1 \/ 2 ) !important}}.stk-cef7962 .stk-block-column__content{display:flex !important}.stk-cef7962 .stk-block-column__content{align-items:center !important}<\/style><div class=\"stk-column-wrapper stk-block-column__content stk-container stk-cef7962-container stk--no-background stk--no-padding\"><div class=\"has-text-align-center stk-block-content stk-inner-blocks\">\n<figure class=\"wp-block-image size-full\"><a href=\"https:\/\/envitech.no\/wp-content\/uploads\/2022\/09\/MAPGRAPH-Vannmiljo_15.04.2021.pdf\" target=\"_blank\" rel=\"noopener\"><img alt=\"\" decoding=\"async\" width=\"595\" height=\"842\" src=\"https:\/\/envitech.no\/wp-content\/uploads\/2022\/09\/thumb_mg-vannmiljo.jpg\" class=\"wp-image-951\" srcset=\"https:\/\/envitech.no\/wp-content\/uploads\/2022\/09\/thumb_mg-vannmiljo.jpg 595w, https:\/\/envitech.no\/wp-content\/uploads\/2022\/09\/thumb_mg-vannmiljo-212x300.jpg 212w, https:\/\/envitech.no\/wp-content\/uploads\/2022\/09\/thumb_mg-vannmiljo-8x12.jpg 8w\" sizes=\"(max-width: 595px) 100vw, 595px\" \/><\/a><\/figure>\n<\/div><\/div><\/div>\n<\/div><\/div>","protected":false},"excerpt":{"rendered":"<p>MAPGRAPH Vannmilj\u00f8 er en skytjeneste for overv\u00e5king av alle typer vannforekomster. Oppdaterte laboratorieresultater er alltid tilgjengelige, og det er enkelt \u00e5 dele informasjon med kolleger og publikum.<\/p>","protected":false},"author":2,"featured_media":277,"parent":46,"menu_order":0,"comment_status":"closed","ping_status":"closed","template":"","meta":{"_seopress_robots_primary_cat":"","_seopress_titles_title":"MAPGRAPH Aquatic Environment \u2013 Cloud-based monitoring of water bodies","_seopress_titles_desc":"MAPGRAPH Aquatic Environment enables monitoring and sharing of water quality data for rivers, lakes, and coastal areas, with real-time alerts and reporting.","_seopress_robots_index":"","footnotes":""},"class_list":["post-20","page","type-page","status-publish","has-post-thumbnail","hentry"],"blocksy_meta":{"styles_descriptor":{"styles":{"desktop":"","tablet":"","mobile":""},"google_fonts":[],"version":6},"page_title_panel":"","has_hero_section":"default","2ef0bc834e2b9ba9cdb35720a35f2d3e":"","hero_section":"type-1","hero_elements":[{"id":"custom_title","enabled":true,"heading_tag":"h1","title":"Hjem"},{"id":"custom_description","enabled":true,"description_visibility":{"desktop":true,"tablet":true,"mobile":false}},{"id":"custom_meta","enabled":false,"meta_elements":[{"id":"author","enabled":true,"label":"By","has_author_avatar":"yes","avatar_size":25},{"id":"post_date","enabled":true,"label":"On","date_format_source":"default","date_format":"M j, Y"},{"id":"updated_date","enabled":false,"label":"On","date_format_source":"default","date_format":"M j, Y"},{"id":"categories","enabled":false,"label":"In","style":"simple"},{"id":"comments","enabled":true}],"page_meta_elements":{"joined":true,"articles_count":true,"comments":true}},{"id":"breadcrumbs","enabled":false}],"444530e0ddc5b036de921d17f26d03c1":"","hero_alignment1":"CT_CSS_SKIP_RULE","hero_margin":40,"hero_alignment2":"center","hero_vertical_alignment":"center","b6b4cf6550c3f31924bd561497e5e48c":"","hero_structure":"narrow","4ea5c611f28470552675f962f186b399":"","page_title_bg_type":"featured_image","custom_hero_background":{"attachment_id":null},"page_title_image_size":"full","parallax":{"desktop":false,"tablet":false,"mobile":false},"9d521598a8878eb957a8e0499c71f2e2":"","hero_height":"250px","pageTitleFont":{"family":"Default","variation":"Default","size":"30px","line-height":"CT_CSS_SKIP_RULE","letter-spacing":"CT_CSS_SKIP_RULE","text-transform":"CT_CSS_SKIP_RULE","text-decoration":"CT_CSS_SKIP_RULE"},"pageTitleFontColor":{"default":{"color":"CT_CSS_SKIP_RULEDEFAULT"}},"pageMetaFont":{"family":"Default","variation":"n6","size":"12px","line-height":"1.3","letter-spacing":"CT_CSS_SKIP_RULE","text-transform":"uppercase","text-decoration":"CT_CSS_SKIP_RULE"},"pageMetaFontColor":{"default":{"color":"CT_CSS_SKIP_RULEDEFAULT"},"hover":{"color":"CT_CSS_SKIP_RULEDEFAULT"}},"page_meta_button_type_font_colors":{"default":{"color":"CT_CSS_SKIP_RULEDEFAULT"},"hover":{"color":"CT_CSS_SKIP_RULEDEFAULT"}},"page_meta_button_type_background_colors":{"default":{"color":"CT_CSS_SKIP_RULEDEFAULT"},"hover":{"color":"CT_CSS_SKIP_RULEDEFAULT"}},"pageExcerptFont":{"family":"Default","variation":"Default","size":"CT_CSS_SKIP_RULE","line-height":"CT_CSS_SKIP_RULE","letter-spacing":"CT_CSS_SKIP_RULE","text-transform":"CT_CSS_SKIP_RULE","text-decoration":"CT_CSS_SKIP_RULE"},"pageExcerptColor":{"default":{"color":"CT_CSS_SKIP_RULEDEFAULT"}},"breadcrumbsFont":{"family":"Default","variation":"Default","size":"CT_CSS_SKIP_RULE","line-height":"CT_CSS_SKIP_RULE","letter-spacing":"CT_CSS_SKIP_RULE","text-transform":"CT_CSS_SKIP_RULE","text-decoration":"CT_CSS_SKIP_RULE"},"breadcrumbsFontColor":{"default":{"color":"CT_CSS_SKIP_RULEDEFAULT"},"initial":{"color":"CT_CSS_SKIP_RULEDEFAULT"},"hover":{"color":"CT_CSS_SKIP_RULEDEFAULT"}},"acf_field_hero_elements":"","typography":{"family":"Default","variation":"Default","size":"CT_CSS_SKIP_RULE","line-height":"CT_CSS_SKIP_RULE","letter-spacing":"CT_CSS_SKIP_RULE","text-transform":"CT_CSS_SKIP_RULE","text-decoration":"CT_CSS_SKIP_RULE"},"color":{"default":{"color":"CT_CSS_SKIP_RULEDEFAULT"},"hover":{"color":"CT_CSS_SKIP_RULEDEFAULT"}},"metabox_field_hero_elements":"","toolset_field_hero_elements":"","jetengine_field_hero_elements":"","custom_field_hero_elements":"","pageTitleOverlay":{"background_type":"color","background_pattern":"type-1","background_image":{"attachment_id":null,"x":0,"y":0},"gradient":"linear-gradient(135deg,rgba(6,147,227,1) 0%,rgb(155,81,224) 100%)","background_repeat":"repeat","background_size":"auto","background_attachment":"scroll","patternColor":{"default":{"color":"#e5e7ea"}},"overlayColor":{"default":{"color":"CT_CSS_SKIP_RULE"}},"backgroundColor":{"default":{"color":"CT_CSS_SKIP_RULE"}}},"pageTitleBackground":{"background_type":"color","background_pattern":"type-1","background_image":{"attachment_id":null,"x":0,"y":0},"gradient":"linear-gradient(135deg,rgba(6,147,227,1) 0%,rgb(155,81,224) 100%)","background_repeat":"repeat","background_size":"auto","background_attachment":"scroll","patternColor":{"default":{"color":"#e5e7ea"}},"overlayColor":{"default":{"color":"CT_CSS_SKIP_RULE"}},"backgroundColor":{"default":{"color":"var(--theme-palette-color-6)"}}},"pageTitlePadding":{"top":"50px","bottom":"50px","left":"auto","right":"auto","linked":true},"b7f946a7190771cb009043a76bfc29fd":"","page_structure_type":"type-1","890ae410d027dcd7e7899a88fd7edb71":"","content_style_source":"inherit","content_style":"wide","vertical_spacing_source":"inherit","content_area_spacing":"both","background":{"background_type":"color","background_pattern":"type-1","background_image":{"attachment_id":null,"x":0,"y":0},"gradient":"linear-gradient(135deg,rgba(6,147,227,1) 0%,rgb(155,81,224) 100%)","background_repeat":"repeat","background_size":"auto","background_attachment":"scroll","patternColor":{"default":{"color":"#e5e7ea"}},"overlayColor":{"default":{"color":"CT_CSS_SKIP_RULE"}},"backgroundColor":{"default":{"color":"CT_CSS_SKIP_RULE"}}},"content_background":{"background_type":"color","background_pattern":"type-1","background_image":{"attachment_id":null,"x":0,"y":0},"gradient":"linear-gradient(135deg,rgba(6,147,227,1) 0%,rgb(155,81,224) 100%)","background_repeat":"repeat","background_size":"auto","background_attachment":"scroll","patternColor":{"default":{"color":"#e5e7ea"}},"overlayColor":{"default":{"color":"CT_CSS_SKIP_RULE"}},"backgroundColor":{"default":{"color":"var(--theme-palette-color-8)"}}},"content_boxed_shadow":{"inherit":false,"blur":18,"spread":-6,"v_offset":12,"h_offset":0,"inset":false,"enable":true,"color":{"color":"rgba(34, 56, 101, 0.04)"}},"boxed_content_spacing":{"desktop":{"top":"40px","bottom":"40px","left":"40px","right":"40px","linked":true},"tablet":{"top":"35px","bottom":"35px","left":"35px","right":"35px","linked":true},"mobile":{"top":"20px","bottom":"20px","left":"20px","right":"20px","linked":true}},"content_boxed_radius":{"top":"3px","bottom":"3px","left":"3px","right":"3px","linked":true},"459777736e1bf555293c81935a954eea":"","disable_featured_image":"no","disable_share_box":"no","disable_header":"no","disable_footer":"no"},"_links":{"self":[{"href":"https:\/\/envitech.no\/no\/wp-json\/wp\/v2\/pages\/20","targetHints":{"allow":["GET"]}}],"collection":[{"href":"https:\/\/envitech.no\/no\/wp-json\/wp\/v2\/pages"}],"about":[{"href":"https:\/\/envitech.no\/no\/wp-json\/wp\/v2\/types\/page"}],"author":[{"embeddable":true,"href":"https:\/\/envitech.no\/no\/wp-json\/wp\/v2\/users\/2"}],"replies":[{"embeddable":true,"href":"https:\/\/envitech.no\/no\/wp-json\/wp\/v2\/comments?post=20"}],"version-history":[{"count":1,"href":"https:\/\/envitech.no\/no\/wp-json\/wp\/v2\/pages\/20\/revisions"}],"predecessor-version":[{"id":1457,"href":"https:\/\/envitech.no\/no\/wp-json\/wp\/v2\/pages\/20\/revisions\/1457"}],"up":[{"embeddable":true,"href":"https:\/\/envitech.no\/no\/wp-json\/wp\/v2\/pages\/46"}],"wp:featuredmedia":[{"embeddable":true,"href":"https:\/\/envitech.no\/no\/wp-json\/wp\/v2\/media\/277"}],"wp:attachment":[{"href":"https:\/\/envitech.no\/no\/wp-json\/wp\/v2\/media?parent=20"}],"curies":[{"name":"wp","href":"https:\/\/api.w.org\/{rel}","templated":true}]}}