{"id":22,"date":"2022-03-28T14:50:39","date_gmt":"2022-03-28T12:50:39","guid":{"rendered":"https:\/\/envitech.digitelle.dev\/?page_id=22"},"modified":"2025-04-08T12:16:18","modified_gmt":"2025-04-08T10:16:18","slug":"mapgraph-avlopsvann-og-renseanlegg","status":"publish","type":"page","link":"https:\/\/envitech.no\/no\/products\/mapgraph-wastewater-and-treatment-plant\/","title":{"rendered":"MAPGRAPH Avl\u00f8p"},"content":{"rendered":"<p>MAPGRAPH Avl\u00f8p presenterer vannkvalitet og rensegrader ved \u00e5 sammenstille data fra innl\u00f8p, overl\u00f8p og utl\u00f8p av avl\u00f8psanlegg. Utslipp kan sammenholdes med data fra omgivelser, oppstr\u00f8ms og nedstr\u00f8ms, for milj\u00f8p\u00e5virkning. Analyseresultater importeres og konverteres til standardiserte formater. MAPGRAPH Avl\u00f8p har fokus p\u00e5 \u00e5 presentere driftsdata i henhold til myndighetskrav og \u00e5 dokumentere overholdelse av utslippstillatelser.<\/p>\n\n\n\n<ul class=\"has-background wp-block-list\" style=\"background-color:#bfdcee\">\n<li>Automatiser import fra alle laboratorier, fra m\u00e5lesystemer og andre kilder til ett arkiv.<\/li>\n\n\n\n<li>Inkluder nedb\u00f8rdata for \u00e5 sammenholde med vannf\u00f8ring, rensegrader og forbruk av kjemi.<\/li>\n\n\n\n<li>Dokumenter milj\u00f8p\u00e5virkning ved \u00e5 sammenholde oppstr\u00f8ms- og nedstr\u00f8msverdier.<\/li>\n\n\n\n<li>Bruk MAPGRAPH Reports for optimalisering av kjemi, drift og ytelse.<\/li>\n\n\n\n<li>Bruk MAPGRAPH Reports for eksport til Milj\u00f8direktoratet i riktige formater.<\/li>\n\n\n\n<li>Samle inspeksjonsrapporter, driftsinformasjon og observasjoner i ett arkiv.<\/li>\n\n\n\n<li>MAPGRAPH Avl\u00f8p sparer tid og sikrer kontinuitet.<\/li>\n<\/ul>\n\n\n\n<div style=\"height:50px\" aria-hidden=\"true\" class=\"wp-block-spacer\"><\/div>\n\n\n\n<h2 class=\"wp-block-heading\">Se pris og bestillingsinformasjon p\u00e5 <br>Veracity av Det Norske Veritas<\/h2>\n\n\n\n<figure class=\"wp-block-image size-large is-resized\"><a href=\"https:\/\/store.veracity.com\/mapgraph-wastewater-and-effluents\" target=\"_blank\" rel=\"noreferrer noopener\"><img alt=\"\" decoding=\"async\" src=\"https:\/\/envitech.no\/wp-content\/uploads\/2023\/05\/66shots_so-1024x683.png\" class=\"wp-image-1204\" width=\"512\" height=\"342\" srcset=\"https:\/\/envitech.no\/wp-content\/uploads\/2023\/05\/66shots_so-1024x683.png 1024w, https:\/\/envitech.no\/wp-content\/uploads\/2023\/05\/66shots_so-300x200.png 300w, https:\/\/envitech.no\/wp-content\/uploads\/2023\/05\/66shots_so-768x512.png 768w, https:\/\/envitech.no\/wp-content\/uploads\/2023\/05\/66shots_so-1536x1024.png 1536w, https:\/\/envitech.no\/wp-content\/uploads\/2023\/05\/66shots_so-18x12.png 18w, https:\/\/envitech.no\/wp-content\/uploads\/2023\/05\/66shots_so.png 1920w\" sizes=\"(max-width: 512px) 100vw, 512px\" \/><\/a><\/figure>\n\n\n\n<div class=\"wp-block-stackable-button-group stk-block-button-group stk-block stk-8de9da3\" data-block-id=\"8de9da3\"><div class=\"stk-row stk-inner-blocks stk-block-content stk-button-group\">\n<div class=\"wp-block-stackable-button stk-block-button stk-block stk-b3f4135\" data-block-id=\"b3f4135\"><style>.stk-b3f4135 .stk-button:hover:after{background:var(--theme-palette-color-2,#8ac865) !important;opacity:1 !important}.stk-b3f4135 .stk-button:hover .stk-button__inner-text{color:var(--theme-palette-color-6,#f2f5f7) !important}<\/style><a class=\"stk-link stk-button stk--hover-effect-darken\" href=\"https:\/\/store.veracity.com\/mapgraph-wastewater-and-effluents\" target=\"_blank\" rel=\"noreferrer noopener\"><span class=\"stk-button__inner-text\">Kj\u00f8p gjennom Veracity av DNV<\/span><\/a><\/div>\n<\/div><\/div>\n\n\n\n<div class=\"wp-block-stackable-columns stk-block-columns stk-block stk-15ecff4 stk-block-background\" data-block-id=\"15ecff4\"><style>.stk-15ecff4{margin-top:50px !important}<\/style><div class=\"stk-row stk-inner-blocks stk-block-content stk-content-align stk-15ecff4-column\">\n<div class=\"wp-block-stackable-column stk-block-column stk-block-column--v3 stk-column stk-block-column--v2 stk-block stk-dc4be17\" data-block-id=\"dc4be17\"><style>@media screen and (min-width:690px){.stk-dc4be17{flex:1 1 calc(60% - var(--stk-column-gap,0px) * 1 \/ 2 ) !important}}<\/style><div class=\"stk-column-wrapper stk-block-column__content stk-container stk-dc4be17-container stk--no-background stk--no-padding\"><div class=\"stk-block-content stk-inner-blocks stk-dc4be17-inner-blocks\">\n<div class=\"wp-block-stackable-heading stk-block-heading stk-block-heading--v2 stk-block stk-5fa11ad\" id=\"more-information\" data-block-id=\"5fa11ad\"><h2 class=\"stk-block-heading__text stk-block-heading--use-theme-margins\">Mer informasjon<\/h2><\/div>\n\n\n\n<div class=\"wp-block-stackable-button-group stk-block-button-group stk-block stk-d6e5de2\" data-block-id=\"d6e5de2\"><div class=\"stk-row stk-inner-blocks stk-block-content stk-button-group\">\n<div class=\"wp-block-stackable-button stk-block-button stk-block stk-db07202\" data-block-id=\"db07202\"><style>.stk-db07202 .stk-button:hover:after{background:var(--theme-palette-color-2,#8ac865) !important;opacity:1 !important}.stk-db07202 .stk-button:hover .stk-button__inner-text{color:var(--theme-palette-color-6,#f2f5f7) !important}<\/style><a class=\"stk-link stk-button stk--hover-effect-darken\" href=\"https:\/\/envitech.no\/wp-content\/uploads\/2022\/09\/MAPGRAPH-Avlop_v.17.02.2021.pdf\" target=\"_blank\" rel=\"noreferrer noopener\"><span class=\"stk--svg-wrapper\"><div class=\"stk--inner-svg\"><svg aria-hidden=\"true\" focusable=\"false\" data-prefix=\"fas\" data-icon=\"file-download\" class=\"svg-inline--fa fa-file-download fa-w-12\" xmlns=\"http:\/\/www.w3.org\/2000\/svg\" viewbox=\"0 0 384 512\" width=\"32\" height=\"32\"><path fill=\"currentColor\" d=\"M224 136V0H24C10.7 0 0 10.7 0 24v464c0 13.3 10.7 24 24 24h336c13.3 0 24-10.7 24-24V160H248c-13.2 0-24-10.8-24-24zm76.45 211.36l-96.42 95.7c-6.65 6.61-17.39 6.61-24.04 0l-96.42-95.7C73.42 337.29 80.54 320 94.82 320H160v-80c0-8.84 7.16-16 16-16h32c8.84 0 16 7.16 16 16v80h65.18c14.28 0 21.4 17.29 11.27 27.36zM377 105L279.1 7c-4.5-4.5-10.6-7-17-7H256v128h128v-6.1c0-6.3-2.5-12.4-7-16.9z\"><\/path><\/svg><\/div><\/span><span class=\"stk-button__inner-text\">Last ned produktblad<\/span><\/a><\/div>\n\n\n\n<div class=\"wp-block-stackable-button stk-block-button stk-block stk-8978a81\" data-block-id=\"8978a81\"><style>.stk-8978a81 .stk-button{background:var(--theme-palette-color-3,#3A4F66) !important}.stk-8978a81 .stk-button:hover:after{background:var(--theme-palette-color-2,#8ac865) !important;opacity:1 !important}.stk-8978a81 .stk-button:hover .stk-button__inner-text{color:var(--theme-palette-color-6,#f2f5f7) !important}<\/style><a class=\"stk-link stk-button stk--hover-effect-darken\" href=\"https:\/\/envitech.no\/no\/selskap\/kontakt-oss\/\" rel=\"noreferrer noopener\"><span class=\"stk--svg-wrapper\"><div class=\"stk--inner-svg\"><svg aria-hidden=\"true\" focusable=\"false\" data-prefix=\"fas\" data-icon=\"envelope\" class=\"svg-inline--fa fa-envelope fa-w-16\" xmlns=\"http:\/\/www.w3.org\/2000\/svg\" viewbox=\"0 0 512 512\" width=\"32\" height=\"32\"><path fill=\"currentColor\" d=\"M502.3 190.8c3.9-3.1 9.7-.2 9.7 4.7V400c0 26.5-21.5 48-48 48H48c-26.5 0-48-21.5-48-48V195.6c0-5 5.7-7.8 9.7-4.7 22.4 17.4 52.1 39.5 154.1 113.6 21.1 15.4 56.7 47.8 92.2 47.6 35.7.3 72-32.8 92.3-47.6 102-74.1 131.6-96.3 154-113.7zM256 320c23.2.4 56.6-29.2 73.4-41.4 132.7-96.3 142.8-104.7 173.4-128.7 5.8-4.5 9.2-11.5 9.2-18.9v-19c0-26.5-21.5-48-48-48H48C21.5 64 0 85.5 0 112v19c0 7.4 3.4 14.3 9.2 18.9 30.6 23.9 40.7 32.4 173.4 128.7 16.8 12.2 50.2 41.8 73.4 41.4z\"><\/path><\/svg><\/div><\/span><span class=\"stk-button__inner-text\">Kontakt oss<\/span><\/a><\/div>\n<\/div><\/div>\n<\/div><\/div><\/div>\n\n\n\n<div class=\"wp-block-stackable-column stk-block-column stk-block-column--v3 stk-column stk-block-column--v2 stk-block stk-cef7962\" data-block-id=\"cef7962\"><style>.stk-cef7962{align-self:center !important}.stk-cef7962-inner-blocks{justify-content:center !important}.stk-cef7962-container{display:flex !important;flex-direction:column !important}@media screen and (min-width:690px){.stk-cef7962{flex:1 1 calc(40% - var(--stk-column-gap,0px) * 1 \/ 2 ) !important}}<\/style><div class=\"stk-column-wrapper stk-block-column__content stk-container stk-cef7962-container stk--no-background stk--no-padding\"><div class=\"has-text-align-center stk-block-content stk-inner-blocks stk-cef7962-inner-blocks\">\n<figure class=\"wp-block-image size-full\"><a href=\"https:\/\/envitech.no\/wp-content\/uploads\/2022\/09\/MAPGRAPH-Avlop_v.17.02.2021.pdf\" target=\"_blank\" rel=\"noopener\"><img alt=\"\" decoding=\"async\" width=\"595\" height=\"842\" src=\"https:\/\/envitech.no\/wp-content\/uploads\/2022\/09\/thumb-mg-avlop.jpg\" class=\"wp-image-950\" srcset=\"https:\/\/envitech.no\/wp-content\/uploads\/2022\/09\/thumb-mg-avlop.jpg 595w, https:\/\/envitech.no\/wp-content\/uploads\/2022\/09\/thumb-mg-avlop-212x300.jpg 212w, https:\/\/envitech.no\/wp-content\/uploads\/2022\/09\/thumb-mg-avlop-8x12.jpg 8w\" sizes=\"(max-width: 595px) 100vw, 595px\" \/><\/a><\/figure>\n<\/div><\/div><\/div>\n<\/div><\/div>","protected":false},"excerpt":{"rendered":"<p>MAPGRAPH Avl\u00f8p samler data om avl\u00f8psrenseanlegg til detaljerte rapporter for\nrenseprosesser, som dokumenterer overholdelse av utslippstillatelser og p\u00e5virkning\np\u00e5 milj\u00f8et.<\/p>","protected":false},"author":2,"featured_media":225,"parent":46,"menu_order":0,"comment_status":"closed","ping_status":"closed","template":"","meta":{"_seopress_robots_primary_cat":"","_seopress_titles_title":"MAPGRAPH Wastewater \u2013 Monitoring and reporting for wastewater facilities","_seopress_titles_desc":"MAPGRAPH Wastewater provides insights into water quality from inlet to outlet, helping document compliance with discharge permits.","_seopress_robots_index":"","footnotes":""},"class_list":["post-22","page","type-page","status-publish","has-post-thumbnail","hentry"],"blocksy_meta":{"styles_descriptor":{"styles":{"desktop":"","tablet":"","mobile":""},"google_fonts":[],"version":6},"page_title_panel":"","has_hero_section":"default","18272aafe8feb503643c7e244ef0bb0f":"","hero_section":"type-1","hero_elements":[{"id":"custom_title","enabled":true,"heading_tag":"h1","title":"Hjem"},{"id":"custom_description","enabled":true,"description_visibility":{"desktop":true,"tablet":true,"mobile":false}},{"id":"custom_meta","enabled":false,"meta_elements":[{"id":"author","enabled":true,"label":"By","has_author_avatar":"yes","avatar_size":25},{"id":"post_date","enabled":true,"label":"On","date_format_source":"default","date_format":"M j, Y"},{"id":"updated_date","enabled":false,"label":"On","date_format_source":"default","date_format":"M j, Y"},{"id":"categories","enabled":false,"label":"In","style":"simple"},{"id":"comments","enabled":true}],"page_meta_elements":{"joined":true,"articles_count":true,"comments":true}},{"id":"breadcrumbs","enabled":false}],"d453028d5196d5dbc561644e84817b19":"","hero_alignment1":"CT_CSS_SKIP_RULE","hero_margin":40,"hero_alignment2":"center","hero_vertical_alignment":"center","a6ea8052ece21024b7bcdbf75aeb2c99":"","hero_structure":"narrow","1a0dc3d1807d813645f79c5325323fb9":"","page_title_bg_type":"featured_image","custom_hero_background":{"attachment_id":null},"page_title_image_size":"full","parallax":{"desktop":false,"tablet":false,"mobile":false},"942e3cdd990a46d66ea66eb9b7c56cfe":"","hero_height":"250px","pageTitleFont":{"family":"Default","variation":"Default","size":"30px","line-height":"CT_CSS_SKIP_RULE","letter-spacing":"CT_CSS_SKIP_RULE","text-transform":"CT_CSS_SKIP_RULE","text-decoration":"CT_CSS_SKIP_RULE"},"pageTitleFontColor":{"default":{"color":"CT_CSS_SKIP_RULEDEFAULT"}},"pageMetaFont":{"family":"Default","variation":"n6","size":"12px","line-height":"1.3","letter-spacing":"CT_CSS_SKIP_RULE","text-transform":"uppercase","text-decoration":"CT_CSS_SKIP_RULE"},"pageMetaFontColor":{"default":{"color":"CT_CSS_SKIP_RULEDEFAULT"},"hover":{"color":"CT_CSS_SKIP_RULEDEFAULT"}},"page_meta_button_type_font_colors":{"default":{"color":"CT_CSS_SKIP_RULEDEFAULT"},"hover":{"color":"CT_CSS_SKIP_RULEDEFAULT"}},"page_meta_button_type_background_colors":{"default":{"color":"CT_CSS_SKIP_RULEDEFAULT"},"hover":{"color":"CT_CSS_SKIP_RULEDEFAULT"}},"pageExcerptFont":{"family":"Default","variation":"Default","size":"CT_CSS_SKIP_RULE","line-height":"CT_CSS_SKIP_RULE","letter-spacing":"CT_CSS_SKIP_RULE","text-transform":"CT_CSS_SKIP_RULE","text-decoration":"CT_CSS_SKIP_RULE"},"pageExcerptColor":{"default":{"color":"CT_CSS_SKIP_RULEDEFAULT"}},"breadcrumbsFont":{"family":"Default","variation":"Default","size":"CT_CSS_SKIP_RULE","line-height":"CT_CSS_SKIP_RULE","letter-spacing":"CT_CSS_SKIP_RULE","text-transform":"CT_CSS_SKIP_RULE","text-decoration":"CT_CSS_SKIP_RULE"},"breadcrumbsFontColor":{"default":{"color":"CT_CSS_SKIP_RULEDEFAULT"},"initial":{"color":"CT_CSS_SKIP_RULEDEFAULT"},"hover":{"color":"CT_CSS_SKIP_RULEDEFAULT"}},"acf_field_hero_elements":"","typography":{"family":"Default","variation":"Default","size":"CT_CSS_SKIP_RULE","line-height":"CT_CSS_SKIP_RULE","letter-spacing":"CT_CSS_SKIP_RULE","text-transform":"CT_CSS_SKIP_RULE","text-decoration":"CT_CSS_SKIP_RULE"},"color":{"default":{"color":"CT_CSS_SKIP_RULEDEFAULT"},"hover":{"color":"CT_CSS_SKIP_RULEDEFAULT"}},"metabox_field_hero_elements":"","toolset_field_hero_elements":"","jetengine_field_hero_elements":"","custom_field_hero_elements":"","pageTitleOverlay":{"background_type":"color","background_pattern":"type-1","background_image":{"attachment_id":null,"x":0,"y":0},"gradient":"linear-gradient(135deg,rgba(6,147,227,1) 0%,rgb(155,81,224) 100%)","background_repeat":"repeat","background_size":"auto","background_attachment":"scroll","patternColor":{"default":{"color":"#e5e7ea"}},"overlayColor":{"default":{"color":"CT_CSS_SKIP_RULE"}},"backgroundColor":{"default":{"color":"CT_CSS_SKIP_RULE"}}},"pageTitleBackground":{"background_type":"color","background_pattern":"type-1","background_image":{"attachment_id":null,"x":0,"y":0},"gradient":"linear-gradient(135deg,rgba(6,147,227,1) 0%,rgb(155,81,224) 100%)","background_repeat":"repeat","background_size":"auto","background_attachment":"scroll","patternColor":{"default":{"color":"#e5e7ea"}},"overlayColor":{"default":{"color":"CT_CSS_SKIP_RULE"}},"backgroundColor":{"default":{"color":"var(--theme-palette-color-6)"}}},"pageTitlePadding":{"top":"50px","bottom":"50px","left":"auto","right":"auto","linked":true},"8f225f97650c8b823793eb0ed777d279":"","page_structure_type":"type-1","a7e54bfe2349d72360f29d1f92b91fc9":"","content_style_source":"inherit","content_style":"wide","vertical_spacing_source":"inherit","content_area_spacing":"both","background":{"background_type":"color","background_pattern":"type-1","background_image":{"attachment_id":null,"x":0,"y":0},"gradient":"linear-gradient(135deg,rgba(6,147,227,1) 0%,rgb(155,81,224) 100%)","background_repeat":"repeat","background_size":"auto","background_attachment":"scroll","patternColor":{"default":{"color":"#e5e7ea"}},"overlayColor":{"default":{"color":"CT_CSS_SKIP_RULE"}},"backgroundColor":{"default":{"color":"CT_CSS_SKIP_RULE"}}},"content_background":{"background_type":"color","background_pattern":"type-1","background_image":{"attachment_id":null,"x":0,"y":0},"gradient":"linear-gradient(135deg,rgba(6,147,227,1) 0%,rgb(155,81,224) 100%)","background_repeat":"repeat","background_size":"auto","background_attachment":"scroll","patternColor":{"default":{"color":"#e5e7ea"}},"overlayColor":{"default":{"color":"CT_CSS_SKIP_RULE"}},"backgroundColor":{"default":{"color":"var(--theme-palette-color-8)"}}},"content_boxed_shadow":{"inherit":false,"blur":18,"spread":-6,"v_offset":12,"h_offset":0,"inset":false,"enable":true,"color":{"color":"rgba(34, 56, 101, 0.04)"}},"boxed_content_spacing":{"desktop":{"top":"40px","bottom":"40px","left":"40px","right":"40px","linked":true},"tablet":{"top":"35px","bottom":"35px","left":"35px","right":"35px","linked":true},"mobile":{"top":"20px","bottom":"20px","left":"20px","right":"20px","linked":true}},"content_boxed_radius":{"top":"3px","bottom":"3px","left":"3px","right":"3px","linked":true},"cb1a1efe6a9a72628ccb31cd79ddeef9":"","disable_featured_image":"no","disable_share_box":"no","disable_header":"no","disable_footer":"no"},"_links":{"self":[{"href":"https:\/\/envitech.no\/no\/wp-json\/wp\/v2\/pages\/22","targetHints":{"allow":["GET"]}}],"collection":[{"href":"https:\/\/envitech.no\/no\/wp-json\/wp\/v2\/pages"}],"about":[{"href":"https:\/\/envitech.no\/no\/wp-json\/wp\/v2\/types\/page"}],"author":[{"embeddable":true,"href":"https:\/\/envitech.no\/no\/wp-json\/wp\/v2\/users\/2"}],"replies":[{"embeddable":true,"href":"https:\/\/envitech.no\/no\/wp-json\/wp\/v2\/comments?post=22"}],"version-history":[{"count":1,"href":"https:\/\/envitech.no\/no\/wp-json\/wp\/v2\/pages\/22\/revisions"}],"predecessor-version":[{"id":1459,"href":"https:\/\/envitech.no\/no\/wp-json\/wp\/v2\/pages\/22\/revisions\/1459"}],"up":[{"embeddable":true,"href":"https:\/\/envitech.no\/no\/wp-json\/wp\/v2\/pages\/46"}],"wp:featuredmedia":[{"embeddable":true,"href":"https:\/\/envitech.no\/no\/wp-json\/wp\/v2\/media\/225"}],"wp:attachment":[{"href":"https:\/\/envitech.no\/no\/wp-json\/wp\/v2\/media?parent=22"}],"curies":[{"name":"wp","href":"https:\/\/api.w.org\/{rel}","templated":true}]}}