{"id":31,"date":"2022-03-28T15:13:59","date_gmt":"2022-03-28T13:13:59","guid":{"rendered":"https:\/\/envitech.digitelle.dev\/?page_id=31"},"modified":"2025-04-08T12:14:58","modified_gmt":"2025-04-08T10:14:58","slug":"mapgraph-avfall-og-deponi","status":"publish","type":"page","link":"https:\/\/envitech.no\/no\/products\/mapgraph-waste-and-landfill\/","title":{"rendered":"MAPGRAPH Avfall"},"content":{"rendered":"<ul class=\"has-background wp-block-list\" style=\"background-color:#bfdcee\"><li>Automatisert import fra laboratorier.<\/li><li>Import av driftsdata for ethvert form\u00e5l, fra nedb\u00f8rm\u00e5lere, m\u00e5lestasjoner for\nsigevannmengder, fra vektsystem, gassbr\u00f8nner med geolokasjon, grunnvannsbr\u00f8nner og vannstand, og mer.<\/li><li>Sanntidsberegning av vannbalanse for anleggsomr\u00e5det og tilh\u00f8rende nedb\u00f8rfelt.<\/li><li>MAPGRAPH Reports for oversikt og effektiv rapportering av sigevannskvalitet\ni henhold til veileder.<\/li><li>Sanntidsberegning av vannbalanse for anleggsomr\u00e5det og tilh\u00f8rende\nnedb\u00f8rfelt.<\/li><li>Avfallsh\u00e5ndtering med avfallsmengder inn \u2013 avfallsfraksjoner ut.<\/li><li>MAPGRAPH sparer tid og sikrer kontinuitet.<\/li><\/ul>\n\n\n\n<h3 class=\"wp-block-heading\"><strong>Sigevannsoverv\u00e5king og dokumentasjon av utslipp<\/strong><\/h3>\n\n\n\n<p>MAPGRAPH Reports tilbyr sofistikerte spesialrapporter for dokumentasjon av\nsigevannsutslipp og p\u00e5virkning av ytre milj\u00f8 samt for \u00e5rsrapportering til myndigheter\nog grafisk presentasjon av data.<\/p>\n\n\n\n<p>Geolokasjon av m\u00e5lesteder i kart over\nanleggsomr\u00e5det, med visning av hver parameter, gir oversikt over milj\u00f8p\u00e5virkning og\net bedre grunnlag for prioritering av tiltak.<\/p>\n\n\n\n<h3 class=\"wp-block-heading\"><strong>Online vannbalanseberegning<\/strong><\/h3>\n\n\n\n<p>Vannbalanse beregnes kontinuerlig fra tilgjengelige data. Nedb\u00f8r fra v\u00e6rstasjoner,\nsigevannsmengder, vannstand i grunnvannsbr\u00f8nner og fordampning er alle mulige\ninput. Dette gj\u00f8r det mulig \u00e5 visualisere og forst\u00e5 endringer i vannbalansen.<\/p>\n\n\n\n<figure class=\"wp-block-image size-full is-resized\"><img alt=\"\" decoding=\"async\" src=\"https:\/\/envitech.no\/wp-content\/uploads\/2022\/04\/wastefill-illustration.jpg\" class=\"wp-image-332\" width=\"800\" height=\"461\" srcset=\"https:\/\/envitech.no\/wp-content\/uploads\/2022\/04\/wastefill-illustration.jpg 800w, https:\/\/envitech.no\/wp-content\/uploads\/2022\/04\/wastefill-illustration-300x173.jpg 300w, https:\/\/envitech.no\/wp-content\/uploads\/2022\/04\/wastefill-illustration-768x443.jpg 768w\" sizes=\"(max-width: 800px) 100vw, 800px\" \/><\/figure>\n\n\n\n<h3 class=\"wp-block-heading\"><strong>Avfallsmengder inn \u2013 avfallsfraksjoner ut<\/strong><\/h3>\n\n\n\n<p>MAPGRAPH Avfall samler inn data kontinuerlig fra vektsystemer, m\u00e5lestasjoner eller manuelle registreringer. Bred indeksering tillater kraftig og fleksibel rapportering for mange form\u00e5l. MAPGRAPH Avfall sikrer full oversikt over avfallsflyt inn og ut av anlegget med effektiv rapportering og dokumentasjon.<\/p>\n\n\n\n<div class=\"wp-block-stackable-columns stk-block-columns stk-block stk-15ecff4 stk-block-background\" data-block-id=\"15ecff4\"><style>.stk-15ecff4{margin-top:50px !important}<\/style><div class=\"stk-row stk-inner-blocks stk-block-content stk-content-align stk-15ecff4-column\">\n<div class=\"wp-block-stackable-column stk-block-column stk-column stk-block stk-dc4be17\" data-block-id=\"dc4be17\"><style>@media screen and (min-width:690px){.stk-dc4be17{flex:1 1 calc(60% - var(--stk-column-gap,0px) * 1 \/ 2 ) !important}}<\/style><div class=\"stk-column-wrapper stk-block-column__content stk-container stk-dc4be17-container stk--no-background stk--no-padding\"><div class=\"stk-block-content stk-inner-blocks\">\n<div class=\"wp-block-stackable-heading stk-block-heading stk-block stk-5fa11ad\" id=\"more-information\" data-block-id=\"5fa11ad\"><h2 class=\"stk-block-heading__text\">Mer informasjon<\/h2><\/div>\n\n\n\n<div class=\"wp-block-stackable-button-group stk-block-button-group stk-block stk-d6e5de2\" data-block-id=\"d6e5de2\"><div class=\"stk-row stk-inner-blocks stk-block-content stk-button-group\">\n<div class=\"wp-block-stackable-button stk-block-button stk-block stk-8978a81\" data-block-id=\"8978a81\"><style>.stk-8978a81 .stk-button{background:var(--theme-palette-color-3,#3A4F66) !important}.stk-8978a81 .stk-button:hover:after{background:var(--theme-palette-color-2,#8ac865) !important;opacity:1 !important}.stk-8978a81 .stk-button:hover .stk-button__inner-text{color:var(--theme-palette-color-6,#f2f5f7) !important}<\/style><a class=\"stk-link stk-button stk--hover-effect-darken\" href=\"https:\/\/envitech.no\/no\/selskap\/kontakt-oss\/\" rel=\"noreferrer noopener\"><span class=\"stk--svg-wrapper\"><div class=\"stk--inner-svg\"><svg aria-hidden=\"true\" focusable=\"false\" data-prefix=\"fas\" data-icon=\"envelope\" class=\"svg-inline--fa fa-envelope fa-w-16\" xmlns=\"http:\/\/www.w3.org\/2000\/svg\" viewbox=\"0 0 512 512\" width=\"32\" height=\"32\"><path fill=\"currentColor\" d=\"M502.3 190.8c3.9-3.1 9.7-.2 9.7 4.7V400c0 26.5-21.5 48-48 48H48c-26.5 0-48-21.5-48-48V195.6c0-5 5.7-7.8 9.7-4.7 22.4 17.4 52.1 39.5 154.1 113.6 21.1 15.4 56.7 47.8 92.2 47.6 35.7.3 72-32.8 92.3-47.6 102-74.1 131.6-96.3 154-113.7zM256 320c23.2.4 56.6-29.2 73.4-41.4 132.7-96.3 142.8-104.7 173.4-128.7 5.8-4.5 9.2-11.5 9.2-18.9v-19c0-26.5-21.5-48-48-48H48C21.5 64 0 85.5 0 112v19c0 7.4 3.4 14.3 9.2 18.9 30.6 23.9 40.7 32.4 173.4 128.7 16.8 12.2 50.2 41.8 73.4 41.4z\"><\/path><\/svg><\/div><\/span><span class=\"stk-button__inner-text\">Kontakt oss<\/span><\/a><\/div>\n<\/div><\/div>\n<\/div><\/div><\/div>\n\n\n\n<div class=\"wp-block-stackable-column stk-block-column stk-column stk-block stk-cef7962\" data-block-id=\"cef7962\"><style>.stk-cef7962{align-self:center !important}@media screen and (min-width:690px){.stk-cef7962{flex:1 1 calc(40% - var(--stk-column-gap,0px) * 1 \/ 2 ) !important}}.stk-cef7962 .stk-block-column__content{display:flex !important}.stk-cef7962 .stk-block-column__content{align-items:center !important}<\/style><div class=\"stk-column-wrapper stk-block-column__content stk-container stk-cef7962-container stk--no-background stk--no-padding\"><div class=\"has-text-align-center stk-block-content stk-inner-blocks\"><\/div><\/div><\/div>\n<\/div><\/div>","protected":false},"excerpt":{"rendered":"<p>MAPGRAPH Avfall er en skyl\u00f8sning for milj\u00f8overv\u00e5king og dokumentasjon av avfallsanlegg. Kontinuerlig tilgang til oppdaterte milj\u00f8data og tidlig varsling av hendelser sikrer effektiv milj\u00f8styring. MAPGRAPH Avfall kan tilpasses for \u00e5 m\u00f8te kravene p\u00e5 ethvert avfallsanlegg.<\/p>","protected":false},"author":2,"featured_media":329,"parent":46,"menu_order":0,"comment_status":"closed","ping_status":"closed","template":"","meta":{"_seopress_robots_primary_cat":"","_seopress_titles_title":"MAPGRAPH Waste \u2013 Efficient waste management and environmental reporting","_seopress_titles_desc":"Optimize waste handling with MAPGRAPH Waste, a solution for monitoring, reporting, and regulatory compliance.","_seopress_robots_index":"","footnotes":""},"class_list":["post-31","page","type-page","status-publish","has-post-thumbnail","hentry"],"blocksy_meta":{"styles_descriptor":{"styles":{"desktop":"","tablet":"","mobile":""},"google_fonts":[],"version":6},"page_title_panel":"","has_hero_section":"default","49500e5d59acd41f7fcff374ce18d3b3":"","hero_section":"type-1","hero_elements":[{"id":"custom_title","enabled":true,"heading_tag":"h1","title":"Hjem"},{"id":"custom_description","enabled":true,"description_visibility":{"desktop":true,"tablet":true,"mobile":false}},{"id":"custom_meta","enabled":false,"meta_elements":[{"id":"author","enabled":true,"label":"By","has_author_avatar":"yes","avatar_size":25},{"id":"post_date","enabled":true,"label":"On","date_format_source":"default","date_format":"M j, Y"},{"id":"updated_date","enabled":false,"label":"On","date_format_source":"default","date_format":"M j, Y"},{"id":"categories","enabled":false,"label":"In","style":"simple"},{"id":"comments","enabled":true}],"page_meta_elements":{"joined":true,"articles_count":true,"comments":true}},{"id":"breadcrumbs","enabled":false}],"881b350d97561849270148347e24138a":"","hero_alignment1":"CT_CSS_SKIP_RULE","hero_margin":40,"hero_alignment2":"center","hero_vertical_alignment":"center","44e239ab21878cbf4e8284779003ff27":"","hero_structure":"narrow","cb8e96817d6048333ae3a5f34e22489b":"","page_title_bg_type":"featured_image","custom_hero_background":{"attachment_id":null},"page_title_image_size":"full","parallax":{"desktop":false,"tablet":false,"mobile":false},"d630fcb1e34fefb9cf02357899263c71":"","hero_height":"250px","pageTitleFont":{"family":"Default","variation":"Default","size":"30px","line-height":"CT_CSS_SKIP_RULE","letter-spacing":"CT_CSS_SKIP_RULE","text-transform":"CT_CSS_SKIP_RULE","text-decoration":"CT_CSS_SKIP_RULE"},"pageTitleFontColor":{"default":{"color":"CT_CSS_SKIP_RULEDEFAULT"}},"pageMetaFont":{"family":"Default","variation":"n6","size":"12px","line-height":"1.3","letter-spacing":"CT_CSS_SKIP_RULE","text-transform":"uppercase","text-decoration":"CT_CSS_SKIP_RULE"},"pageMetaFontColor":{"default":{"color":"CT_CSS_SKIP_RULEDEFAULT"},"hover":{"color":"CT_CSS_SKIP_RULEDEFAULT"}},"page_meta_button_type_font_colors":{"default":{"color":"CT_CSS_SKIP_RULEDEFAULT"},"hover":{"color":"CT_CSS_SKIP_RULEDEFAULT"}},"page_meta_button_type_background_colors":{"default":{"color":"CT_CSS_SKIP_RULEDEFAULT"},"hover":{"color":"CT_CSS_SKIP_RULEDEFAULT"}},"pageExcerptFont":{"family":"Default","variation":"Default","size":"CT_CSS_SKIP_RULE","line-height":"CT_CSS_SKIP_RULE","letter-spacing":"CT_CSS_SKIP_RULE","text-transform":"CT_CSS_SKIP_RULE","text-decoration":"CT_CSS_SKIP_RULE"},"pageExcerptColor":{"default":{"color":"CT_CSS_SKIP_RULEDEFAULT"}},"breadcrumbsFont":{"family":"Default","variation":"Default","size":"CT_CSS_SKIP_RULE","line-height":"CT_CSS_SKIP_RULE","letter-spacing":"CT_CSS_SKIP_RULE","text-transform":"CT_CSS_SKIP_RULE","text-decoration":"CT_CSS_SKIP_RULE"},"breadcrumbsFontColor":{"default":{"color":"CT_CSS_SKIP_RULEDEFAULT"},"initial":{"color":"CT_CSS_SKIP_RULEDEFAULT"},"hover":{"color":"CT_CSS_SKIP_RULEDEFAULT"}},"acf_field_hero_elements":"","typography":{"family":"Default","variation":"Default","size":"CT_CSS_SKIP_RULE","line-height":"CT_CSS_SKIP_RULE","letter-spacing":"CT_CSS_SKIP_RULE","text-transform":"CT_CSS_SKIP_RULE","text-decoration":"CT_CSS_SKIP_RULE"},"color":{"default":{"color":"CT_CSS_SKIP_RULEDEFAULT"},"hover":{"color":"CT_CSS_SKIP_RULEDEFAULT"}},"metabox_field_hero_elements":"","toolset_field_hero_elements":"","jetengine_field_hero_elements":"","custom_field_hero_elements":"","pageTitleOverlay":{"background_type":"color","background_pattern":"type-1","background_image":{"attachment_id":null,"x":0,"y":0},"gradient":"linear-gradient(135deg,rgba(6,147,227,1) 0%,rgb(155,81,224) 100%)","background_repeat":"repeat","background_size":"auto","background_attachment":"scroll","patternColor":{"default":{"color":"#e5e7ea"}},"overlayColor":{"default":{"color":"CT_CSS_SKIP_RULE"}},"backgroundColor":{"default":{"color":"CT_CSS_SKIP_RULE"}}},"pageTitleBackground":{"background_type":"color","background_pattern":"type-1","background_image":{"attachment_id":null,"x":0,"y":0},"gradient":"linear-gradient(135deg,rgba(6,147,227,1) 0%,rgb(155,81,224) 100%)","background_repeat":"repeat","background_size":"auto","background_attachment":"scroll","patternColor":{"default":{"color":"#e5e7ea"}},"overlayColor":{"default":{"color":"CT_CSS_SKIP_RULE"}},"backgroundColor":{"default":{"color":"var(--theme-palette-color-6)"}}},"pageTitlePadding":{"top":"50px","bottom":"50px","left":"auto","right":"auto","linked":true},"eb606eeb3bd991817f29813113f001c3":"","page_structure_type":"type-1","12d9fea78036090b2f5806aa55e63862":"","content_style_source":"inherit","content_style":"wide","vertical_spacing_source":"inherit","content_area_spacing":"both","background":{"background_type":"color","background_pattern":"type-1","background_image":{"attachment_id":null,"x":0,"y":0},"gradient":"linear-gradient(135deg,rgba(6,147,227,1) 0%,rgb(155,81,224) 100%)","background_repeat":"repeat","background_size":"auto","background_attachment":"scroll","patternColor":{"default":{"color":"#e5e7ea"}},"overlayColor":{"default":{"color":"CT_CSS_SKIP_RULE"}},"backgroundColor":{"default":{"color":"CT_CSS_SKIP_RULE"}}},"content_background":{"background_type":"color","background_pattern":"type-1","background_image":{"attachment_id":null,"x":0,"y":0},"gradient":"linear-gradient(135deg,rgba(6,147,227,1) 0%,rgb(155,81,224) 100%)","background_repeat":"repeat","background_size":"auto","background_attachment":"scroll","patternColor":{"default":{"color":"#e5e7ea"}},"overlayColor":{"default":{"color":"CT_CSS_SKIP_RULE"}},"backgroundColor":{"default":{"color":"var(--theme-palette-color-8)"}}},"content_boxed_shadow":{"inherit":false,"blur":18,"spread":-6,"v_offset":12,"h_offset":0,"inset":false,"enable":true,"color":{"color":"rgba(34, 56, 101, 0.04)"}},"boxed_content_spacing":{"desktop":{"top":"40px","bottom":"40px","left":"40px","right":"40px","linked":true},"tablet":{"top":"35px","bottom":"35px","left":"35px","right":"35px","linked":true},"mobile":{"top":"20px","bottom":"20px","left":"20px","right":"20px","linked":true}},"content_boxed_radius":{"top":"3px","bottom":"3px","left":"3px","right":"3px","linked":true},"cfcf82a8ea61fd5bd3f85bc2580a3198":"","disable_featured_image":"no","disable_share_box":"no","disable_header":"no","disable_footer":"no"},"_links":{"self":[{"href":"https:\/\/envitech.no\/no\/wp-json\/wp\/v2\/pages\/31","targetHints":{"allow":["GET"]}}],"collection":[{"href":"https:\/\/envitech.no\/no\/wp-json\/wp\/v2\/pages"}],"about":[{"href":"https:\/\/envitech.no\/no\/wp-json\/wp\/v2\/types\/page"}],"author":[{"embeddable":true,"href":"https:\/\/envitech.no\/no\/wp-json\/wp\/v2\/users\/2"}],"replies":[{"embeddable":true,"href":"https:\/\/envitech.no\/no\/wp-json\/wp\/v2\/comments?post=31"}],"version-history":[{"count":1,"href":"https:\/\/envitech.no\/no\/wp-json\/wp\/v2\/pages\/31\/revisions"}],"predecessor-version":[{"id":1458,"href":"https:\/\/envitech.no\/no\/wp-json\/wp\/v2\/pages\/31\/revisions\/1458"}],"up":[{"embeddable":true,"href":"https:\/\/envitech.no\/no\/wp-json\/wp\/v2\/pages\/46"}],"wp:featuredmedia":[{"embeddable":true,"href":"https:\/\/envitech.no\/no\/wp-json\/wp\/v2\/media\/329"}],"wp:attachment":[{"href":"https:\/\/envitech.no\/no\/wp-json\/wp\/v2\/media?parent=31"}],"curies":[{"name":"wp","href":"https:\/\/api.w.org\/{rel}","templated":true}]}}