{"id":37,"date":"2022-03-28T15:15:26","date_gmt":"2022-03-28T13:15:26","guid":{"rendered":"https:\/\/envitech.digitelle.dev\/?page_id=37"},"modified":"2025-09-08T11:22:33","modified_gmt":"2025-09-08T09:22:33","slug":"naeringer","status":"publish","type":"page","link":"https:\/\/envitech.no\/no\/industries\/","title":{"rendered":"Bransjer"},"content":{"rendered":"<h2 class=\"wp-block-heading\">Bransjer som bruker MAPGRAPH Environment<\/h2>\n\n\n\n<div class=\"wp-block-stackable-columns stk-block-columns stk-block stk-601405f stk-block-background\" data-block-id=\"601405f\"><style>.stk-601405f {background-color:var(--theme-palette-color-8, #ffffff) !important;}.stk-601405f:before{background-color:var(--theme-palette-color-8, #ffffff) !important;}<\/style><div class=\"stk-row stk-inner-blocks stk-block-content stk-content-align stk-601405f-column\">\n<div class=\"wp-block-stackable-column stk-block-column stk-column stk-block stk-9976acf\" data-v=\"4\" data-block-id=\"9976acf\"><div class=\"stk-column-wrapper stk-block-column__content stk-container stk-9976acf-container stk--no-background stk--no-padding\"><div class=\"stk-block-content stk-inner-blocks stk-9976acf-inner-blocks\">\n<h2 class=\"wp-block-heading\">Vannforsyning<\/h2>\n\n\n\n<p>Regionale og lokale vannverk bruker MAPGRAPH Drikkevann til \u00e5 overv\u00e5ke r\u00e5vann og drikkevannskvalitet, for revisjoner, rapportering til myndigheter og for \u00e5 gi informasjon til abonnenter.<\/p>\n<\/div><\/div><\/div>\n\n\n\n<div class=\"wp-block-stackable-column stk-block-column stk-column stk-block stk-7d2d822\" data-v=\"4\" data-block-id=\"7d2d822\"><div class=\"stk-column-wrapper stk-block-column__content stk-container stk-7d2d822-container stk--no-background stk--no-padding\"><div class=\"stk-block-content stk-inner-blocks stk-7d2d822-inner-blocks\">\n<figure class=\"wp-block-image size-large\"><img alt=\"\" decoding=\"async\" width=\"1024\" height=\"683\" src=\"https:\/\/envitech.no\/wp-content\/uploads\/2022\/03\/5-1024x683.jpg\" class=\"wp-image-238\" srcset=\"https:\/\/envitech.no\/wp-content\/uploads\/2022\/03\/5-1024x683.jpg 1024w, https:\/\/envitech.no\/wp-content\/uploads\/2022\/03\/5-300x200.jpg 300w, https:\/\/envitech.no\/wp-content\/uploads\/2022\/03\/5-768x512.jpg 768w, https:\/\/envitech.no\/wp-content\/uploads\/2022\/03\/5-1536x1024.jpg 1536w, https:\/\/envitech.no\/wp-content\/uploads\/2022\/03\/5.jpg 1920w\" sizes=\"(max-width: 1024px) 100vw, 1024px\" \/><\/figure>\n<\/div><\/div><\/div>\n<\/div><\/div>\n\n\n\n<div class=\"wp-block-stackable-columns stk-block-columns stk-block stk-7ea2c37 stk-block-background\" data-block-id=\"7ea2c37\"><style>.stk-7ea2c37 {background-color:var(--theme-palette-color-8, #ffffff) !important;}.stk-7ea2c37:before{background-color:var(--theme-palette-color-8, #ffffff) !important;}<\/style><div class=\"stk-row stk-inner-blocks stk-block-content stk-content-align stk-7ea2c37-column\">\n<div class=\"wp-block-stackable-column stk-block-column stk-column stk-block stk-7cdf889\" data-v=\"4\" data-block-id=\"7cdf889\"><div class=\"stk-column-wrapper stk-block-column__content stk-container stk-7cdf889-container stk--no-background stk--no-padding\"><div class=\"stk-block-content stk-inner-blocks stk-7cdf889-inner-blocks\">\n<h2 class=\"wp-block-heading\">Avl\u00f8psrenseanlegg<\/h2>\n\n\n\n<p>Avl\u00f8psrenseanlegg bruker MAPGRAPH for \u00e5 optimalisere drift og renseprosesser. Enkel tilgang til laboratorieresultater og trending av parametere gir oversikt. MAPGRAPH Reports forenkler rapportering til myndigheter.<\/p>\n<\/div><\/div><\/div>\n\n\n\n<div class=\"wp-block-stackable-column stk-block-column stk-column stk-block stk-13e819c\" data-v=\"4\" data-block-id=\"13e819c\"><div class=\"stk-column-wrapper stk-block-column__content stk-container stk-13e819c-container stk--no-background stk--no-padding\"><div class=\"stk-block-content stk-inner-blocks stk-13e819c-inner-blocks\">\n<figure class=\"wp-block-image size-large\"><img alt=\"\" decoding=\"async\" width=\"1024\" height=\"683\" src=\"https:\/\/envitech.no\/wp-content\/uploads\/2022\/04\/envitech-wastewater-1024x683.png\" class=\"wp-image-367\" srcset=\"https:\/\/envitech.no\/wp-content\/uploads\/2022\/04\/envitech-wastewater-1024x683.png 1024w, https:\/\/envitech.no\/wp-content\/uploads\/2022\/04\/envitech-wastewater-300x200.png 300w, https:\/\/envitech.no\/wp-content\/uploads\/2022\/04\/envitech-wastewater-768x512.png 768w, https:\/\/envitech.no\/wp-content\/uploads\/2022\/04\/envitech-wastewater-1536x1024.png 1536w, https:\/\/envitech.no\/wp-content\/uploads\/2022\/04\/envitech-wastewater.png 1920w\" sizes=\"(max-width: 1024px) 100vw, 1024px\" \/><\/figure>\n<\/div><\/div><\/div>\n<\/div><\/div>\n\n\n\n<div class=\"wp-block-stackable-columns stk-block-columns stk-block stk-c8465a8 stk-block-background\" data-block-id=\"c8465a8\"><style>.stk-c8465a8 {background-color:var(--theme-palette-color-8, #ffffff) !important;}.stk-c8465a8:before{background-color:var(--theme-palette-color-8, #ffffff) !important;}<\/style><div class=\"stk-row stk-inner-blocks stk-block-content stk-content-align stk-c8465a8-column\">\n<div class=\"wp-block-stackable-column stk-block-column stk-column stk-block stk-13a96e7\" data-v=\"4\" data-block-id=\"13a96e7\"><div class=\"stk-column-wrapper stk-block-column__content stk-container stk-13a96e7-container stk--no-background stk--no-padding\"><div class=\"stk-block-content stk-inner-blocks stk-13a96e7-inner-blocks\">\n<h2 class=\"wp-block-heading\">R\u00e5dgivende ingeni\u00f8rer<\/h2>\n\n\n\n<p>R\u00e5dgivende ingeni\u00f8rer benytter MAPGRAPH i sin virksomhet, med datainnsamling fra eksterne og interne laboratorier samt alle slags IoT, dataloggere og m\u00e5lestasjoner. MAPGRAPH effektiviserer tjenestene som tilbys, sparer tid og investeringer i gjennomf\u00f8ring av oppdrag.<\/p>\n<\/div><\/div><\/div>\n\n\n\n<div class=\"wp-block-stackable-column stk-block-column stk-column stk-block stk-36fee4f\" data-v=\"4\" data-block-id=\"36fee4f\"><div class=\"stk-column-wrapper stk-block-column__content stk-container stk-36fee4f-container stk--no-background stk--no-padding\"><div class=\"stk-block-content stk-inner-blocks stk-36fee4f-inner-blocks\">\n<figure class=\"wp-block-image size-large\"><img alt=\"\" decoding=\"async\" width=\"1024\" height=\"683\" src=\"https:\/\/envitech.no\/wp-content\/uploads\/2022\/04\/envitech-engineers-1024x683.jpg\" class=\"wp-image-364\" srcset=\"https:\/\/envitech.no\/wp-content\/uploads\/2022\/04\/envitech-engineers-1024x683.jpg 1024w, https:\/\/envitech.no\/wp-content\/uploads\/2022\/04\/envitech-engineers-300x200.jpg 300w, https:\/\/envitech.no\/wp-content\/uploads\/2022\/04\/envitech-engineers-768x512.jpg 768w, https:\/\/envitech.no\/wp-content\/uploads\/2022\/04\/envitech-engineers-1536x1024.jpg 1536w, https:\/\/envitech.no\/wp-content\/uploads\/2022\/04\/envitech-engineers.jpg 1920w\" sizes=\"(max-width: 1024px) 100vw, 1024px\" \/><\/figure>\n<\/div><\/div><\/div>\n<\/div><\/div>\n\n\n\n<div class=\"wp-block-stackable-columns stk-block-columns stk-block stk-20ec155 stk-block-background\" data-block-id=\"20ec155\"><style>.stk-20ec155 {background-color:var(--theme-palette-color-8, #ffffff) !important;}.stk-20ec155:before{background-color:var(--theme-palette-color-8, #ffffff) !important;}<\/style><div class=\"stk-row stk-inner-blocks stk-block-content stk-content-align stk-20ec155-column\">\n<div class=\"wp-block-stackable-column stk-block-column stk-column stk-block stk-0bd892e\" data-v=\"4\" data-block-id=\"0bd892e\"><div class=\"stk-column-wrapper stk-block-column__content stk-container stk-0bd892e-container stk--no-background stk--no-padding\"><div class=\"stk-block-content stk-inner-blocks stk-0bd892e-inner-blocks\">\n<h2 class=\"wp-block-heading\">Offentlig sektor \u2013 Vannmilj\u00f8myndigheter<\/h2>\n\n\n\n<p>Byer, tettsteder og kommuner overv\u00e5ker sitt n\u00e6rmilj\u00f8 med s\u00e5rbare innsj\u00f8er og elver, vassdrag og bekker, noen ganger i tilknytning til industri- og boligomr\u00e5der med interessekonflikter.<\/p>\n<\/div><\/div><\/div>\n\n\n\n<div class=\"wp-block-stackable-column stk-block-column stk-column stk-block stk-1dad59e\" data-v=\"4\" data-block-id=\"1dad59e\"><div class=\"stk-column-wrapper stk-block-column__content stk-container stk-1dad59e-container stk--no-background stk--no-padding\"><div class=\"stk-block-content stk-inner-blocks stk-1dad59e-inner-blocks\">\n<figure class=\"wp-block-image size-large\"><img alt=\"\" decoding=\"async\" width=\"1024\" height=\"683\" src=\"https:\/\/envitech.no\/wp-content\/uploads\/2022\/04\/envitech-public-water-1024x683.jpg\" class=\"wp-image-369\" srcset=\"https:\/\/envitech.no\/wp-content\/uploads\/2022\/04\/envitech-public-water-1024x683.jpg 1024w, https:\/\/envitech.no\/wp-content\/uploads\/2022\/04\/envitech-public-water-300x200.jpg 300w, https:\/\/envitech.no\/wp-content\/uploads\/2022\/04\/envitech-public-water-768x512.jpg 768w, https:\/\/envitech.no\/wp-content\/uploads\/2022\/04\/envitech-public-water-1536x1024.jpg 1536w, https:\/\/envitech.no\/wp-content\/uploads\/2022\/04\/envitech-public-water.jpg 1920w\" sizes=\"(max-width: 1024px) 100vw, 1024px\" \/><\/figure>\n<\/div><\/div><\/div>\n<\/div><\/div>\n\n\n\n<div class=\"wp-block-stackable-columns stk-block-columns stk-block stk-2ca989c stk-block-background\" data-block-id=\"2ca989c\"><style>.stk-2ca989c {background-color:var(--theme-palette-color-8, #ffffff) !important;}.stk-2ca989c:before{background-color:var(--theme-palette-color-8, #ffffff) !important;}<\/style><div class=\"stk-row stk-inner-blocks stk-block-content stk-content-align stk-2ca989c-column\">\n<div class=\"wp-block-stackable-column stk-block-column stk-column stk-block stk-c810b19\" data-v=\"4\" data-block-id=\"c810b19\"><div class=\"stk-column-wrapper stk-block-column__content stk-container stk-c810b19-container stk--no-background stk--no-padding\"><div class=\"stk-block-content stk-inner-blocks stk-c810b19-inner-blocks\">\n<h2 class=\"wp-block-heading\">Avfallsh\u00e5ndtering og fyllplasser<\/h2>\n\n\n\n<p>Avfallsanlegg bruker MAPGRAPH til \u00e5 dokumentere sigevannsavrenning, sanntidsberegning av vannbalanse for omr\u00e5det samt avfallsh\u00e5ndtering.<\/p>\n<\/div><\/div><\/div>\n\n\n\n<div class=\"wp-block-stackable-column stk-block-column stk-column stk-block stk-2a695e7\" data-v=\"4\" data-block-id=\"2a695e7\"><div class=\"stk-column-wrapper stk-block-column__content stk-container stk-2a695e7-container stk--no-background stk--no-padding\"><div class=\"stk-block-content stk-inner-blocks stk-2a695e7-inner-blocks\">\n<figure class=\"wp-block-image size-large\"><img decoding=\"async\" width=\"1024\" height=\"683\" src=\"https:\/\/envitech.no\/wp-content\/uploads\/2022\/04\/envitech-waste-and-landfill-1024x683.jpg\" alt=\"EnviTech avfall og deponi\" class=\"wp-image-329\" srcset=\"https:\/\/envitech.no\/wp-content\/uploads\/2022\/04\/envitech-waste-and-landfill-1024x683.jpg 1024w, https:\/\/envitech.no\/wp-content\/uploads\/2022\/04\/envitech-waste-and-landfill-300x200.jpg 300w, https:\/\/envitech.no\/wp-content\/uploads\/2022\/04\/envitech-waste-and-landfill-768x512.jpg 768w, https:\/\/envitech.no\/wp-content\/uploads\/2022\/04\/envitech-waste-and-landfill-1536x1024.jpg 1536w, https:\/\/envitech.no\/wp-content\/uploads\/2022\/04\/envitech-waste-and-landfill.jpg 1920w\" sizes=\"(max-width: 1024px) 100vw, 1024px\" \/><\/figure>\n<\/div><\/div><\/div>\n<\/div><\/div>","protected":false},"excerpt":{"rendered":"<p>Industries using Mapgraph Environment Water Supply Regional and local waterworks are using MAPGRAPH Drinking Water to monitor raw water and drinking water quality, for audits and to report authorities and to provide information to customers and the public at large. Wastewater and Treatment Plants Wastewater plants use Mapgraph in optimizing operational issues and plant performance. [&hellip;]<\/p>\n","protected":false},"author":2,"featured_media":0,"parent":0,"menu_order":0,"comment_status":"closed","ping_status":"closed","template":"","meta":{"_seopress_robots_primary_cat":"","_seopress_titles_title":"Industries \u2013 Customized environmental solutions for various sectors","_seopress_titles_desc":"See how EnviTech\u2019s MAPGRAPH solutions serve water suppliers, wastewater plants, consulting engineers, environmental authorities, and more.","_seopress_robots_index":"","footnotes":""},"class_list":["post-37","page","type-page","status-publish","hentry"],"blocksy_meta":{"styles_descriptor":{"styles":{"desktop":"","tablet":"","mobile":""},"google_fonts":[],"version":6},"page_title_panel":"","has_hero_section":"default","b3e54a9a6ee08f78423f9dab9ac14929":"","hero_section":"type-1","hero_elements":[{"id":"custom_title","enabled":true,"heading_tag":"h1","title":"Hjem"},{"id":"custom_description","enabled":true,"description_visibility":{"desktop":true,"tablet":true,"mobile":false}},{"id":"custom_meta","enabled":false,"meta_elements":[{"id":"author","enabled":true,"label":"By","has_author_avatar":"yes","avatar_size":25},{"id":"post_date","enabled":true,"label":"On","date_format_source":"default","date_format":"M j, Y"},{"id":"updated_date","enabled":false,"label":"On","date_format_source":"default","date_format":"M j, Y"},{"id":"categories","enabled":false,"label":"In","style":"simple"},{"id":"comments","enabled":true}],"page_meta_elements":{"joined":true,"articles_count":true,"comments":true}},{"id":"breadcrumbs","enabled":false}],"3753e5bcd7d8431f8815636d360379d0":"","hero_alignment1":"CT_CSS_SKIP_RULE","hero_margin":40,"hero_alignment2":"center","hero_vertical_alignment":"center","468103d660bd9e9ee03ccbf95ba5962a":"","hero_structure":"narrow","cd16a23dfa33ddc474104cf2cb45f38e":"","page_title_bg_type":"featured_image","custom_hero_background":{"attachment_id":null},"page_title_image_size":"full","parallax":{"desktop":false,"tablet":false,"mobile":false},"366877fc3d2db682cfee659521bb09e8":"","hero_height":"250px","pageTitleFont":{"family":"Default","variation":"Default","size":"30px","line-height":"CT_CSS_SKIP_RULE","letter-spacing":"CT_CSS_SKIP_RULE","text-transform":"CT_CSS_SKIP_RULE","text-decoration":"CT_CSS_SKIP_RULE"},"pageTitleFontColor":{"default":{"color":"CT_CSS_SKIP_RULEDEFAULT"}},"pageMetaFont":{"family":"Default","variation":"n6","size":"12px","line-height":"1.3","letter-spacing":"CT_CSS_SKIP_RULE","text-transform":"uppercase","text-decoration":"CT_CSS_SKIP_RULE"},"pageMetaFontColor":{"default":{"color":"CT_CSS_SKIP_RULEDEFAULT"},"hover":{"color":"CT_CSS_SKIP_RULEDEFAULT"}},"page_meta_button_type_font_colors":{"default":{"color":"CT_CSS_SKIP_RULEDEFAULT"},"hover":{"color":"CT_CSS_SKIP_RULEDEFAULT"}},"page_meta_button_type_background_colors":{"default":{"color":"CT_CSS_SKIP_RULEDEFAULT"},"hover":{"color":"CT_CSS_SKIP_RULEDEFAULT"}},"pageExcerptFont":{"family":"Default","variation":"Default","size":"CT_CSS_SKIP_RULE","line-height":"CT_CSS_SKIP_RULE","letter-spacing":"CT_CSS_SKIP_RULE","text-transform":"CT_CSS_SKIP_RULE","text-decoration":"CT_CSS_SKIP_RULE"},"pageExcerptColor":{"default":{"color":"CT_CSS_SKIP_RULEDEFAULT"}},"breadcrumbsFont":{"family":"Default","variation":"Default","size":"CT_CSS_SKIP_RULE","line-height":"CT_CSS_SKIP_RULE","letter-spacing":"CT_CSS_SKIP_RULE","text-transform":"CT_CSS_SKIP_RULE","text-decoration":"CT_CSS_SKIP_RULE"},"breadcrumbsFontColor":{"default":{"color":"CT_CSS_SKIP_RULEDEFAULT"},"initial":{"color":"CT_CSS_SKIP_RULEDEFAULT"},"hover":{"color":"CT_CSS_SKIP_RULEDEFAULT"}},"acf_field_hero_elements":"","typography":{"family":"Default","variation":"Default","size":"CT_CSS_SKIP_RULE","line-height":"CT_CSS_SKIP_RULE","letter-spacing":"CT_CSS_SKIP_RULE","text-transform":"CT_CSS_SKIP_RULE","text-decoration":"CT_CSS_SKIP_RULE"},"color":{"default":{"color":"CT_CSS_SKIP_RULEDEFAULT"},"hover":{"color":"CT_CSS_SKIP_RULEDEFAULT"}},"metabox_field_hero_elements":"","toolset_field_hero_elements":"","jetengine_field_hero_elements":"","custom_field_hero_elements":"","pageTitleOverlay":{"background_type":"color","background_pattern":"type-1","background_image":{"attachment_id":null,"x":0,"y":0},"gradient":"linear-gradient(135deg,rgba(6,147,227,1) 0%,rgb(155,81,224) 100%)","background_repeat":"repeat","background_size":"auto","background_attachment":"scroll","patternColor":{"default":{"color":"#e5e7ea"}},"overlayColor":{"default":{"color":"CT_CSS_SKIP_RULE"}},"backgroundColor":{"default":{"color":"CT_CSS_SKIP_RULE"}}},"pageTitleBackground":{"background_type":"color","background_pattern":"type-1","background_image":{"attachment_id":null,"x":0,"y":0},"gradient":"linear-gradient(135deg,rgba(6,147,227,1) 0%,rgb(155,81,224) 100%)","background_repeat":"repeat","background_size":"auto","background_attachment":"scroll","patternColor":{"default":{"color":"#e5e7ea"}},"overlayColor":{"default":{"color":"CT_CSS_SKIP_RULE"}},"backgroundColor":{"default":{"color":"var(--theme-palette-color-6)"}}},"pageTitlePadding":{"top":"50px","bottom":"50px","left":"auto","right":"auto","linked":true},"09710d1f9c75d9f8702bb2e39b60c0b0":"","page_structure_type":"type-1","b8b88998a5a1cf733ce1922132bf3c94":"","content_style_source":"inherit","content_style":"wide","vertical_spacing_source":"inherit","content_area_spacing":"both","background":{"background_type":"color","background_pattern":"type-1","background_image":{"attachment_id":null,"x":0,"y":0},"gradient":"linear-gradient(135deg,rgba(6,147,227,1) 0%,rgb(155,81,224) 100%)","background_repeat":"repeat","background_size":"auto","background_attachment":"scroll","patternColor":{"default":{"color":"#e5e7ea"}},"overlayColor":{"default":{"color":"CT_CSS_SKIP_RULE"}},"backgroundColor":{"default":{"color":"CT_CSS_SKIP_RULE"}}},"content_background":{"background_type":"color","background_pattern":"type-1","background_image":{"attachment_id":null,"x":0,"y":0},"gradient":"linear-gradient(135deg,rgba(6,147,227,1) 0%,rgb(155,81,224) 100%)","background_repeat":"repeat","background_size":"auto","background_attachment":"scroll","patternColor":{"default":{"color":"#e5e7ea"}},"overlayColor":{"default":{"color":"CT_CSS_SKIP_RULE"}},"backgroundColor":{"default":{"color":"var(--theme-palette-color-8)"}}},"content_boxed_shadow":{"inherit":false,"blur":18,"spread":-6,"v_offset":12,"h_offset":0,"inset":false,"enable":true,"color":{"color":"rgba(34, 56, 101, 0.04)"}},"boxed_content_spacing":{"desktop":{"top":"40px","bottom":"40px","left":"40px","right":"40px","linked":true},"tablet":{"top":"35px","bottom":"35px","left":"35px","right":"35px","linked":true},"mobile":{"top":"20px","bottom":"20px","left":"20px","right":"20px","linked":true}},"content_boxed_radius":{"top":"3px","bottom":"3px","left":"3px","right":"3px","linked":true},"8818ba67ba69b64a3a2da78d64c34110":"","disable_featured_image":"no","disable_share_box":"no","disable_header":"no","disable_footer":"no"},"_links":{"self":[{"href":"https:\/\/envitech.no\/no\/wp-json\/wp\/v2\/pages\/37","targetHints":{"allow":["GET"]}}],"collection":[{"href":"https:\/\/envitech.no\/no\/wp-json\/wp\/v2\/pages"}],"about":[{"href":"https:\/\/envitech.no\/no\/wp-json\/wp\/v2\/types\/page"}],"author":[{"embeddable":true,"href":"https:\/\/envitech.no\/no\/wp-json\/wp\/v2\/users\/2"}],"replies":[{"embeddable":true,"href":"https:\/\/envitech.no\/no\/wp-json\/wp\/v2\/comments?post=37"}],"version-history":[{"count":2,"href":"https:\/\/envitech.no\/no\/wp-json\/wp\/v2\/pages\/37\/revisions"}],"predecessor-version":[{"id":1473,"href":"https:\/\/envitech.no\/no\/wp-json\/wp\/v2\/pages\/37\/revisions\/1473"}],"wp:attachment":[{"href":"https:\/\/envitech.no\/no\/wp-json\/wp\/v2\/media?parent=37"}],"curies":[{"name":"wp","href":"https:\/\/api.w.org\/{rel}","templated":true}]}}