{"id":39,"date":"2022-03-28T15:15:36","date_gmt":"2022-03-28T13:15:36","guid":{"rendered":"https:\/\/envitech.digitelle.dev\/?page_id=39"},"modified":"2025-04-08T12:12:30","modified_gmt":"2025-04-08T10:12:30","slug":"tjenester","status":"publish","type":"page","link":"https:\/\/envitech.no\/no\/services\/","title":{"rendered":"V\u00e5re tjenester"},"content":{"rendered":"<h2 class=\"wp-block-heading\">EnviTech gir v\u00e5re kunder f\u00f8lgende tjenester:<\/h2>\n\n\n\n<p style=\"font-size:clamp(15.747px, 0.984rem + ((1vw - 3.2px) * 0.645), 24px);\"><strong>Installasjon<\/strong> \u2013 med minimal arbeidsbelastning for deg.<\/p>\n\n\n\n<ul class=\"wp-block-list\"><li>Vi setter opp 24-7 importer fra alle slags kilder, fra laboratorier, databaser, IoT-stasjoner, internett og andre.<\/li><li>Vi samler og dokumenterer historikk fra disse kildene s\u00e5 langt tilbake du \u00f8nsker. Fra databaser, tidligere laboratorier, excel-ark og andre kilder.<\/li><li>Vi skreddersyr dashbord, grafer og rapporter til dine \u00f8nsker.<\/li><\/ul>\n\n\n\n<h5 class=\"wp-block-heading\">Uten risiko. Til en fast kostnad. Leveres f\u00f8r fakturering.<\/h5>\n\n\n\n<div style=\"height:35px\" aria-hidden=\"true\" class=\"wp-block-spacer\"><\/div>\n\n\n\n<figure class=\"wp-block-image size-full\"><img alt=\"\" decoding=\"async\" width=\"714\" height=\"400\" src=\"https:\/\/envitech.no\/wp-content\/uploads\/2022\/04\/envitech-reporting.jpg\" class=\"wp-image-382\" srcset=\"https:\/\/envitech.no\/wp-content\/uploads\/2022\/04\/envitech-reporting.jpg 714w, https:\/\/envitech.no\/wp-content\/uploads\/2022\/04\/envitech-reporting-300x168.jpg 300w\" sizes=\"(max-width: 714px) 100vw, 714px\" \/><figcaption> <\/figcaption><\/figure>\n\n\n\n<div class=\"wp-block-stackable-columns stk-block-columns stk-block stk-b5fc297\" data-block-id=\"b5fc297\"><div class=\"stk-row stk-inner-blocks stk-block-content stk-content-align stk-b5fc297-column\">\n<div class=\"wp-block-stackable-column stk-block-column stk-column stk-block stk-da90944\" data-block-id=\"da90944\"><div class=\"stk-column-wrapper stk-block-column__content stk-container stk-da90944-container stk--no-background stk--no-padding\"><div class=\"stk-block-content stk-inner-blocks\">\n<p style=\"font-size:clamp(15.747px, 0.984rem + ((1vw - 3.2px) * 0.645), 24px);\"><strong>Drift<\/strong> \u2013 klar for rapportering<\/p>\n\n\n\n<ul class=\"wp-block-list\"><li>MAPGRAPH importerer og validerer kontinuerlig data.<\/li><li>Alltid oppdatert. Du f\u00e5r beskjed om avvik.<\/li><li>Ett tastetrykk til analytiske data. Alle milj\u00f8data i ett arkiv.<\/li><li>MAPGRAPH sikrer effektiv kontinuitet ved endringer av personale. Vi kurser nyansatte.<\/li><li>Del informasjon med kolleger, myndigheter og publikum.<\/li><\/ul>\n<\/div><\/div><\/div>\n<\/div><\/div>\n\n\n\n<p><\/p>\n\n\n\n<p style=\"font-size:clamp(15.747px, 0.984rem + ((1vw - 3.2px) * 0.645), 24px);\"><strong>Brukerst\u00f8tte<\/strong> \u2013 vi er et tastetrykk unna...<\/p>\n\n\n\n<div class=\"wp-block-stackable-columns stk-block-columns stk-block stk-7b9f958\" data-block-id=\"7b9f958\"><div class=\"stk-row stk-inner-blocks stk-block-content stk-content-align stk-7b9f958-column\">\n<div class=\"wp-block-stackable-column stk-block-column stk-column stk-block stk-6b9c81f\" data-block-id=\"6b9c81f\"><div class=\"stk-column-wrapper stk-block-column__content stk-container stk-6b9c81f-container stk--no-background stk--no-padding\"><div class=\"stk-block-content stk-inner-blocks\">\n<ul class=\"wp-block-list\"><li>Vi hjelper deg p\u00e5 Teams eller en hvilken som helst plattform etter dine preferanser...<\/li><li>Vi bist\u00e5r deg med datah\u00e5ndtering ved behov.<\/li><li>Vi hjelper deg med \u00e5 forberede tilsyn.<\/li><li>Vi bist\u00e5r deg med \u00e5 utarbeide rapporter til myndigheter.<\/li><li>Vi hjelper deg med \u00e5 sette opp \u00e5rlige pr\u00f8vetakingsplaner.<\/li><li>Nye medarbeidere kommer raskt i gang med v\u00e5r oppl\u00e6ring og st\u00f8tte.<\/li><\/ul>\n<\/div><\/div><\/div>\n\n\n\n<div class=\"wp-block-stackable-column stk-block-column stk-column stk-block stk-5649e28\" data-block-id=\"5649e28\"><div class=\"stk-column-wrapper stk-block-column__content stk-container stk-5649e28-container stk--no-background stk--no-padding\"><div class=\"stk-block-content stk-inner-blocks\">\n<figure class=\"wp-block-image size-large\"><img decoding=\"async\" width=\"1024\" height=\"683\" src=\"https:\/\/envitech.no\/wp-content\/uploads\/2022\/04\/envitech-customer-support-1024x683.jpg\" alt=\"EnviTech-st\u00f8tte\" class=\"wp-image-257\" srcset=\"https:\/\/envitech.no\/wp-content\/uploads\/2022\/04\/envitech-customer-support-1024x683.jpg 1024w, https:\/\/envitech.no\/wp-content\/uploads\/2022\/04\/envitech-customer-support-300x200.jpg 300w, https:\/\/envitech.no\/wp-content\/uploads\/2022\/04\/envitech-customer-support-768x512.jpg 768w, https:\/\/envitech.no\/wp-content\/uploads\/2022\/04\/envitech-customer-support-1536x1024.jpg 1536w, https:\/\/envitech.no\/wp-content\/uploads\/2022\/04\/envitech-customer-support.jpg 1920w\" sizes=\"(max-width: 1024px) 100vw, 1024px\" \/><\/figure>\n<\/div><\/div><\/div>\n<\/div><\/div>\n\n\n\n<h5 class=\"wp-block-heading\"><strong>F\u00e5 frihet til \u00e5 fokusere p\u00e5 de faglige utfordringene<\/strong>. <br>Gj\u00f8r deg klar for fremtiden med MAPGRAPH Environment!<\/h5>\n\n\n\n<figure class=\"wp-block-image size-large\"><img alt=\"\" decoding=\"async\" width=\"1024\" height=\"472\" src=\"https:\/\/envitech.no\/wp-content\/uploads\/2022\/04\/Screenshot-2022-04-01-at-15.34.21-1024x472.png\" class=\"wp-image-406\" srcset=\"https:\/\/envitech.no\/wp-content\/uploads\/2022\/04\/Screenshot-2022-04-01-at-15.34.21-1024x472.png 1024w, https:\/\/envitech.no\/wp-content\/uploads\/2022\/04\/Screenshot-2022-04-01-at-15.34.21-300x138.png 300w, https:\/\/envitech.no\/wp-content\/uploads\/2022\/04\/Screenshot-2022-04-01-at-15.34.21-768x354.png 768w, https:\/\/envitech.no\/wp-content\/uploads\/2022\/04\/Screenshot-2022-04-01-at-15.34.21.png 1147w\" sizes=\"(max-width: 1024px) 100vw, 1024px\" \/><\/figure>","protected":false},"excerpt":{"rendered":"<p>EnviTech provides our clients with the following services: Installation &#8211; with minimal workload on your hand. We set up 24-7 imports from all kinds of sources, from labs, databases, IoT stations, the internet, and others. We gather and document history from these sources as far back as you want. From databases, previous labs, excel sheets, [&hellip;]<\/p>\n","protected":false},"author":2,"featured_media":0,"parent":0,"menu_order":0,"comment_status":"closed","ping_status":"closed","template":"","meta":{"_seopress_robots_primary_cat":"","_seopress_titles_title":"EnviTech Services \u2013 Tailored solutions for environmental monitoring","_seopress_titles_desc":"Explore EnviTech's services including installation, operations, and user support for our cloud-based environmental monitoring systems.","_seopress_robots_index":"","footnotes":""},"class_list":["post-39","page","type-page","status-publish","hentry"],"blocksy_meta":{"styles_descriptor":{"styles":{"desktop":"","tablet":"","mobile":""},"google_fonts":[],"version":6},"page_title_panel":"","has_hero_section":"default","c079b0496d0d8c8b773d71d27a67959f":"","hero_section":"type-1","hero_elements":[{"id":"custom_title","enabled":true,"heading_tag":"h1","title":"Hjem"},{"id":"custom_description","enabled":true,"description_visibility":{"desktop":true,"tablet":true,"mobile":false}},{"id":"custom_meta","enabled":false,"meta_elements":[{"id":"author","enabled":true,"label":"By","has_author_avatar":"yes","avatar_size":25},{"id":"post_date","enabled":true,"label":"On","date_format_source":"default","date_format":"M j, Y"},{"id":"updated_date","enabled":false,"label":"On","date_format_source":"default","date_format":"M j, Y"},{"id":"categories","enabled":false,"label":"In","style":"simple"},{"id":"comments","enabled":true}],"page_meta_elements":{"joined":true,"articles_count":true,"comments":true}},{"id":"breadcrumbs","enabled":false}],"baf2c96468f47b1956c82942159044b9":"","hero_alignment1":"CT_CSS_SKIP_RULE","hero_margin":40,"hero_alignment2":"center","hero_vertical_alignment":"center","29e98e3735f8837225422698515b731a":"","hero_structure":"narrow","c8cf8888dfa7c93419216b25556777c3":"","page_title_bg_type":"featured_image","custom_hero_background":{"attachment_id":null},"page_title_image_size":"full","parallax":{"desktop":false,"tablet":false,"mobile":false},"146d9aa5588aae710a035b51e029b1d0":"","hero_height":"250px","pageTitleFont":{"family":"Default","variation":"Default","size":"30px","line-height":"CT_CSS_SKIP_RULE","letter-spacing":"CT_CSS_SKIP_RULE","text-transform":"CT_CSS_SKIP_RULE","text-decoration":"CT_CSS_SKIP_RULE"},"pageTitleFontColor":{"default":{"color":"CT_CSS_SKIP_RULEDEFAULT"}},"pageMetaFont":{"family":"Default","variation":"n6","size":"12px","line-height":"1.3","letter-spacing":"CT_CSS_SKIP_RULE","text-transform":"uppercase","text-decoration":"CT_CSS_SKIP_RULE"},"pageMetaFontColor":{"default":{"color":"CT_CSS_SKIP_RULEDEFAULT"},"hover":{"color":"CT_CSS_SKIP_RULEDEFAULT"}},"page_meta_button_type_font_colors":{"default":{"color":"CT_CSS_SKIP_RULEDEFAULT"},"hover":{"color":"CT_CSS_SKIP_RULEDEFAULT"}},"page_meta_button_type_background_colors":{"default":{"color":"CT_CSS_SKIP_RULEDEFAULT"},"hover":{"color":"CT_CSS_SKIP_RULEDEFAULT"}},"pageExcerptFont":{"family":"Default","variation":"Default","size":"CT_CSS_SKIP_RULE","line-height":"CT_CSS_SKIP_RULE","letter-spacing":"CT_CSS_SKIP_RULE","text-transform":"CT_CSS_SKIP_RULE","text-decoration":"CT_CSS_SKIP_RULE"},"pageExcerptColor":{"default":{"color":"CT_CSS_SKIP_RULEDEFAULT"}},"breadcrumbsFont":{"family":"Default","variation":"Default","size":"CT_CSS_SKIP_RULE","line-height":"CT_CSS_SKIP_RULE","letter-spacing":"CT_CSS_SKIP_RULE","text-transform":"CT_CSS_SKIP_RULE","text-decoration":"CT_CSS_SKIP_RULE"},"breadcrumbsFontColor":{"default":{"color":"CT_CSS_SKIP_RULEDEFAULT"},"initial":{"color":"CT_CSS_SKIP_RULEDEFAULT"},"hover":{"color":"CT_CSS_SKIP_RULEDEFAULT"}},"acf_field_hero_elements":"","typography":{"family":"Default","variation":"Default","size":"CT_CSS_SKIP_RULE","line-height":"CT_CSS_SKIP_RULE","letter-spacing":"CT_CSS_SKIP_RULE","text-transform":"CT_CSS_SKIP_RULE","text-decoration":"CT_CSS_SKIP_RULE"},"color":{"default":{"color":"CT_CSS_SKIP_RULEDEFAULT"},"hover":{"color":"CT_CSS_SKIP_RULEDEFAULT"}},"metabox_field_hero_elements":"","toolset_field_hero_elements":"","jetengine_field_hero_elements":"","custom_field_hero_elements":"","pageTitleOverlay":{"background_type":"color","background_pattern":"type-1","background_image":{"attachment_id":null,"x":0,"y":0},"gradient":"linear-gradient(135deg,rgba(6,147,227,1) 0%,rgb(155,81,224) 100%)","background_repeat":"repeat","background_size":"auto","background_attachment":"scroll","patternColor":{"default":{"color":"#e5e7ea"}},"overlayColor":{"default":{"color":"CT_CSS_SKIP_RULE"}},"backgroundColor":{"default":{"color":"CT_CSS_SKIP_RULE"}}},"pageTitleBackground":{"background_type":"color","background_pattern":"type-1","background_image":{"attachment_id":null,"x":0,"y":0},"gradient":"linear-gradient(135deg,rgba(6,147,227,1) 0%,rgb(155,81,224) 100%)","background_repeat":"repeat","background_size":"auto","background_attachment":"scroll","patternColor":{"default":{"color":"#e5e7ea"}},"overlayColor":{"default":{"color":"CT_CSS_SKIP_RULE"}},"backgroundColor":{"default":{"color":"var(--theme-palette-color-6)"}}},"pageTitlePadding":{"top":"50px","bottom":"50px","left":"auto","right":"auto","linked":true},"4767eb36c66db4e1bae0d5e72ff5d153":"","page_structure_type":"type-1","833390eae95d2571d20f56d3449ae50d":"","content_style_source":"inherit","content_style":"wide","vertical_spacing_source":"inherit","content_area_spacing":"both","background":{"background_type":"color","background_pattern":"type-1","background_image":{"attachment_id":null,"x":0,"y":0},"gradient":"linear-gradient(135deg,rgba(6,147,227,1) 0%,rgb(155,81,224) 100%)","background_repeat":"repeat","background_size":"auto","background_attachment":"scroll","patternColor":{"default":{"color":"#e5e7ea"}},"overlayColor":{"default":{"color":"CT_CSS_SKIP_RULE"}},"backgroundColor":{"default":{"color":"CT_CSS_SKIP_RULE"}}},"content_background":{"background_type":"color","background_pattern":"type-1","background_image":{"attachment_id":null,"x":0,"y":0},"gradient":"linear-gradient(135deg,rgba(6,147,227,1) 0%,rgb(155,81,224) 100%)","background_repeat":"repeat","background_size":"auto","background_attachment":"scroll","patternColor":{"default":{"color":"#e5e7ea"}},"overlayColor":{"default":{"color":"CT_CSS_SKIP_RULE"}},"backgroundColor":{"default":{"color":"var(--theme-palette-color-8)"}}},"content_boxed_shadow":{"inherit":false,"blur":18,"spread":-6,"v_offset":12,"h_offset":0,"inset":false,"enable":true,"color":{"color":"rgba(34, 56, 101, 0.04)"}},"boxed_content_spacing":{"desktop":{"top":"40px","bottom":"40px","left":"40px","right":"40px","linked":true},"tablet":{"top":"35px","bottom":"35px","left":"35px","right":"35px","linked":true},"mobile":{"top":"20px","bottom":"20px","left":"20px","right":"20px","linked":true}},"content_boxed_radius":{"top":"3px","bottom":"3px","left":"3px","right":"3px","linked":true},"e057e7d2717b48eadefccaa2ea0cd26c":"","disable_featured_image":"no","disable_share_box":"no","disable_header":"no","disable_footer":"no"},"_links":{"self":[{"href":"https:\/\/envitech.no\/no\/wp-json\/wp\/v2\/pages\/39","targetHints":{"allow":["GET"]}}],"collection":[{"href":"https:\/\/envitech.no\/no\/wp-json\/wp\/v2\/pages"}],"about":[{"href":"https:\/\/envitech.no\/no\/wp-json\/wp\/v2\/types\/page"}],"author":[{"embeddable":true,"href":"https:\/\/envitech.no\/no\/wp-json\/wp\/v2\/users\/2"}],"replies":[{"embeddable":true,"href":"https:\/\/envitech.no\/no\/wp-json\/wp\/v2\/comments?post=39"}],"version-history":[{"count":1,"href":"https:\/\/envitech.no\/no\/wp-json\/wp\/v2\/pages\/39\/revisions"}],"predecessor-version":[{"id":1451,"href":"https:\/\/envitech.no\/no\/wp-json\/wp\/v2\/pages\/39\/revisions\/1451"}],"wp:attachment":[{"href":"https:\/\/envitech.no\/no\/wp-json\/wp\/v2\/media?parent=39"}],"curies":[{"name":"wp","href":"https:\/\/api.w.org\/{rel}","templated":true}]}}