{"id":41,"date":"2022-03-28T15:15:45","date_gmt":"2022-03-28T13:15:45","guid":{"rendered":"https:\/\/envitech.digitelle.dev\/?page_id=41"},"modified":"2026-01-16T12:46:09","modified_gmt":"2026-01-16T11:46:09","slug":"brukerstotte","status":"publish","type":"page","link":"https:\/\/envitech.no\/no\/support\/","title":{"rendered":"MAPGRAPH brukerst\u00f8tte"},"content":{"rendered":"<\/p>\n\n\n\n<figure class=\"wp-block-video\"><video height=\"1080\" style=\"aspect-ratio: 1920 \/ 1080;\" width=\"1920\" controls poster=\"https:\/\/envitech.no\/wp-content\/uploads\/2022\/05\/envitech-mapgraph-environment_optimized-1024x576_play.jpg\" src=\"https:\/\/envitech.no\/wp-content\/uploads\/2022\/11\/Envitech.NOR-Tekstet.mp4\"><\/video><figcaption class=\"wp-element-caption\"><span style=\"color: var(--theme-palette-color-8, #ffffff);\" class=\"stk-highlight\">MAPGRAPH Environment p\u00e5 60 sekunder<\/span><\/figcaption><\/figure>\n\n\n<p>\n\n\n\n<h2 class=\"wp-block-heading\">MAPGRAPH brukerst\u00f8tte \u2013 bare et tastetrykk unna...<\/h2>\n\n\n\n<p>Vi dedikerer personer til \u00e5 gi deg f\u00f8rsteh\u00e5ndsst\u00f8tte, forst\u00e5 oppsettet ditt og utfordringene.<\/p>\n\n\n\n<p>Benytt v\u00e5re ressurser og  service til \u00e5 \u00f8ke effektivitet i virksomheten. Vi bist\u00e5r deg med \u00e5 f\u00e5 mest mulig ut av programvaren slik at du kan bruke din tid p\u00e5 faglige utfordringer.<\/p>\n\n\n\n<p>EnviTech gir v\u00e5re kunder st\u00f8ttetjenestene:<\/p>\n\n\n\n<div class=\"wp-block-group is-layout-flow wp-block-group-is-layout-flow\">\n<p style=\"font-size:clamp(14px, 0.875rem + ((1vw - 3.2px) * 0.313), 18px);\"><\/p>\n\n\n\n<p style=\"font-size:clamp(14px, 0.875rem + ((1vw - 3.2px) * 0.313), 18px);\"><strong>Avtal et Teams-m\u00f8te<\/strong><br>Planlegg en Teams-konferanse med oss ved \u00e5 g\u00e5 til v\u00e5r bookingkalender for \u00e5pninger.<br><u><a href=\"https:\/\/outlook.office365.com\/owa\/calendar\/Envitech1@envitech.no\/bookings\/\">Bestill her<\/a><\/u><\/p>\n\n\n\n<p style=\"font-size:clamp(14px, 0.875rem + ((1vw - 3.2px) * 0.313), 18px);\"><strong>Send oss en melding<br><\/strong>og vi skal v\u00e6re bedre forberedt n\u00e5r vi svarer p\u00e5 foresp\u00f8rselen din.<br>Registrer foresp\u00f8rselen din i skjemaet nedenfor:<\/p>\n\n\n\n<div class=\"wp-block-stackable-columns stk-block-columns stk-block stk-1f15c38\" data-block-id=\"1f15c38\"><div class=\"stk-row stk-inner-blocks stk-block-content stk-content-align stk-1f15c38-column\">\n<div class=\"wp-block-stackable-column stk-block-column stk-column stk-block stk-af4aea1\" data-v=\"4\" data-block-id=\"af4aea1\"><style>.stk-af4aea1-container{background-color:var(--theme-palette-color-5, #e1e8ed) !important;}.stk-af4aea1-container:before{background-color:var(--theme-palette-color-5, #e1e8ed) !important;}<\/style><div class=\"stk-column-wrapper stk-block-column__content stk-container stk-af4aea1-container stk-hover-parent\"><div class=\"stk-block-content stk-inner-blocks stk-af4aea1-inner-blocks\"><div class=\"forminator-ui forminator-custom-form forminator-custom-form-260   forminator_ajax\" data-forminator-render=\"0\" data-form=\"forminator-module-260\" data-uid=\"69e75e64252f8\"><br\/><\/div><form\n\t\t\t\tid=\"forminator-module-260\"\n\t\t\t\tclass=\"forminator-ui forminator-custom-form forminator-custom-form-260   forminator_ajax\"\n\t\t\t\tmethod=\"post\"\n\t\t\t\tdata-forminator-render=\"0\"\n\t\t\t\tdata-form-id=\"260\"\n\t\t\t\t data-color-option=\"default\" data-design=\"none\" data-grid=\"open\" style=\"display: none;\"\n\t\t\t\tdata-uid=\"69e75e64252f8\" action=\"\"\n\t\t\t><div role=\"alert\" aria-live=\"polite\" class=\"forminator-response-message forminator-error\" aria-hidden=\"true\"><\/div><div class=\"forminator-row\"><div id=\"text-1\" class=\"forminator-field-text forminator-col forminator-col-12\"><div class=\"forminator-field\"><label for=\"forminator-field-text-1_69e75e64252f8\" id=\"forminator-field-text-1_69e75e64252f8-label\" class=\"forminator-label\">Selskapsnavn <span class=\"forminator-required\">*<\/span><\/label><input type=\"text\" name=\"text-1\" value=\"\" placeholder=\"\" id=\"forminator-field-text-1_69e75e64252f8\" class=\"forminator-input forminator-name--field\" data-required=\"1\" \/><\/div><\/div><\/div><div class=\"forminator-row\"><div id=\"name-2\" class=\"forminator-field-name forminator-col forminator-col-12\"><div class=\"forminator-field\"><label for=\"forminator-field-name-2_69e75e64252f8\" id=\"forminator-field-name-2_69e75e64252f8-label\" class=\"forminator-label\">Kontaktperson<\/label><input type=\"text\" name=\"name-2\" value=\"\" placeholder=\"\" id=\"forminator-field-name-2_69e75e64252f8\" class=\"forminator-input forminator-name--field\" aria-required=\"false\" autocomplete=\"name\" \/><\/div><\/div><\/div><div class=\"forminator-row\"><div id=\"email-1\" class=\"forminator-field-email forminator-col forminator-col-6\"><div class=\"forminator-field\"><label for=\"forminator-field-email-1_69e75e64252f8\" id=\"forminator-field-email-1_69e75e64252f8-label\" class=\"forminator-label\">Epostadresse <span class=\"forminator-required\">*<\/span><\/label><input type=\"email\" name=\"email-1\" value=\"\" placeholder=\"\" id=\"forminator-field-email-1_69e75e64252f8\" class=\"forminator-input forminator-email--field\" data-required=\"true\" aria-required=\"true\" autocomplete=\"email\" \/><\/div><\/div><div id=\"phone-1\" class=\"forminator-field-phone forminator-col forminator-col-6\"><div class=\"forminator-field\"><label for=\"forminator-field-phone-1_69e75e64252f8\" id=\"forminator-field-phone-1_69e75e64252f8-label\" class=\"forminator-label\">Telefonnummer<\/label><input type=\"text\" name=\"phone-1\" value=\"\" placeholder=\"\" id=\"forminator-field-phone-1_69e75e64252f8\" class=\"forminator-input forminator-field--phone\" data-required=\"\" aria-required=\"false\" autocomplete=\"off\" \/><\/div><\/div><\/div><div class=\"forminator-row\"><div id=\"textarea-1\" class=\"forminator-field-textarea forminator-col forminator-col-12\"><div class=\"forminator-field\"><label for=\"forminator-field-textarea-1_69e75e64252f8\" id=\"forminator-field-textarea-1_69e75e64252f8-label\" class=\"forminator-label\">Beskjed<\/label><textarea name=\"textarea-1\" placeholder=\"Skriv inn meldingen din...\" id=\"forminator-field-textarea-1_69e75e64252f8\" class=\"forminator-textarea\" rows=\"6\" style=\"min-height:140px;\" maxlength=\"180\" ><\/textarea><span id=\"forminator-field-textarea-1_69e75e64252f8-description\" class=\"forminator-description\"><span data-limit=\"180\" data-type=\"characters\" data-editor=\"\">0 \/ 180<\/span><\/span><\/div><\/div><\/div><input type=\"hidden\" name=\"referer_url\" value=\"\" \/><div class=\"forminator-row forminator-row-last\"><div class=\"forminator-col\"><div class=\"forminator-field\"><button class=\"forminator-button forminator-button-submit\">Send<\/button><\/div><\/div><\/div><input type=\"hidden\" id=\"forminator_nonce\" name=\"forminator_nonce\" value=\"ad4b356161\" \/><input type=\"hidden\" name=\"_wp_http_referer\" value=\"\/no\/wp-json\/wp\/v2\/pages\/41\" \/><input type=\"hidden\" name=\"form_id\" value=\"260\"><input type=\"hidden\" name=\"page_id\" value=\"41\"><input type=\"hidden\" name=\"form_type\" value=\"default\"><input type=\"hidden\" name=\"current_url\" value=\"https:\/\/envitech.no\/no\/support\/\"><input type=\"hidden\" name=\"render_id\" value=\"0\"><input type=\"hidden\" name=\"action\" value=\"forminator_submit_form_custom-forms\"><input type=\"hidden\" name=\"trp-form-language\" value=\"no\"\/><\/form>\n<\/div><\/div><\/div>\n<\/div><\/div>\n<\/div>","protected":false},"excerpt":{"rendered":"<p>Mapgraph Support &#8211; just a keystroke away&#8230; We dedicate persons to provide you with firsthand support, understanding your setup and challenges. Extend your team&#8217;s capacity and capabilities. Get expert resources and premium levels of service and bring operational effectiveness to the next level. Make sure you are getting the most out of your software and [&hellip;]<\/p>\n","protected":false},"author":2,"featured_media":0,"parent":0,"menu_order":0,"comment_status":"closed","ping_status":"closed","template":"","meta":{"_seopress_robots_primary_cat":"","_seopress_titles_title":"Support \u2013 Get help with EnviTech's products and services","_seopress_titles_desc":"Need assistance? Our support team offers training, data handling, and reporting help for our environmental monitoring solutions.","_seopress_robots_index":"","footnotes":""},"class_list":["post-41","page","type-page","status-publish","hentry"],"blocksy_meta":{"styles_descriptor":{"styles":{"desktop":"","tablet":"","mobile":""},"google_fonts":[],"version":6},"page_title_panel":"","has_hero_section":"default","1defe9c693c0f8b47bf725627a584ec9":"","hero_section":"type-1","hero_elements":[{"id":"custom_title","enabled":true,"heading_tag":"h1","title":"Hjem"},{"id":"custom_description","enabled":true,"description_visibility":{"desktop":true,"tablet":true,"mobile":false}},{"id":"custom_meta","enabled":false,"meta_elements":[{"id":"author","enabled":true,"label":"By","has_author_avatar":"yes","avatar_size":25},{"id":"post_date","enabled":true,"label":"On","date_format_source":"default","date_format":"M j, Y"},{"id":"updated_date","enabled":false,"label":"On","date_format_source":"default","date_format":"M j, Y"},{"id":"categories","enabled":false,"label":"In","style":"simple"},{"id":"comments","enabled":true}],"page_meta_elements":{"joined":true,"articles_count":true,"comments":true}},{"id":"breadcrumbs","enabled":false}],"22e1d41aa1914e2f4e7ca080072240ea":"","hero_alignment1":"CT_CSS_SKIP_RULE","hero_margin":40,"hero_alignment2":"center","hero_vertical_alignment":"center","20fe1755ecfed72fd420483f5236ca30":"","hero_structure":"narrow","af57b69691271cb27e820a04716e0905":"","page_title_bg_type":"featured_image","custom_hero_background":{"attachment_id":null},"page_title_image_size":"full","parallax":{"desktop":false,"tablet":false,"mobile":false},"cda11c5fc76e3a2524087fce66b9f7ed":"","hero_height":"250px","pageTitleFont":{"family":"Default","variation":"Default","size":"30px","line-height":"CT_CSS_SKIP_RULE","letter-spacing":"CT_CSS_SKIP_RULE","text-transform":"CT_CSS_SKIP_RULE","text-decoration":"CT_CSS_SKIP_RULE"},"pageTitleFontColor":{"default":{"color":"CT_CSS_SKIP_RULEDEFAULT"}},"pageMetaFont":{"family":"Default","variation":"n6","size":"12px","line-height":"1.3","letter-spacing":"CT_CSS_SKIP_RULE","text-transform":"uppercase","text-decoration":"CT_CSS_SKIP_RULE"},"pageMetaFontColor":{"default":{"color":"CT_CSS_SKIP_RULEDEFAULT"},"hover":{"color":"CT_CSS_SKIP_RULEDEFAULT"}},"page_meta_button_type_font_colors":{"default":{"color":"CT_CSS_SKIP_RULEDEFAULT"},"hover":{"color":"CT_CSS_SKIP_RULEDEFAULT"}},"page_meta_button_type_background_colors":{"default":{"color":"CT_CSS_SKIP_RULEDEFAULT"},"hover":{"color":"CT_CSS_SKIP_RULEDEFAULT"}},"pageExcerptFont":{"family":"Default","variation":"Default","size":"CT_CSS_SKIP_RULE","line-height":"CT_CSS_SKIP_RULE","letter-spacing":"CT_CSS_SKIP_RULE","text-transform":"CT_CSS_SKIP_RULE","text-decoration":"CT_CSS_SKIP_RULE"},"pageExcerptColor":{"default":{"color":"CT_CSS_SKIP_RULEDEFAULT"}},"breadcrumbsFont":{"family":"Default","variation":"Default","size":"CT_CSS_SKIP_RULE","line-height":"CT_CSS_SKIP_RULE","letter-spacing":"CT_CSS_SKIP_RULE","text-transform":"CT_CSS_SKIP_RULE","text-decoration":"CT_CSS_SKIP_RULE"},"breadcrumbsFontColor":{"default":{"color":"CT_CSS_SKIP_RULEDEFAULT"},"initial":{"color":"CT_CSS_SKIP_RULEDEFAULT"},"hover":{"color":"CT_CSS_SKIP_RULEDEFAULT"}},"acf_field_hero_elements":"","typography":{"family":"Default","variation":"Default","size":"CT_CSS_SKIP_RULE","line-height":"CT_CSS_SKIP_RULE","letter-spacing":"CT_CSS_SKIP_RULE","text-transform":"CT_CSS_SKIP_RULE","text-decoration":"CT_CSS_SKIP_RULE"},"color":{"default":{"color":"CT_CSS_SKIP_RULEDEFAULT"},"hover":{"color":"CT_CSS_SKIP_RULEDEFAULT"}},"metabox_field_hero_elements":"","toolset_field_hero_elements":"","jetengine_field_hero_elements":"","custom_field_hero_elements":"","pageTitleOverlay":{"background_type":"color","background_pattern":"type-1","background_image":{"attachment_id":null,"x":0,"y":0},"gradient":"linear-gradient(135deg,rgba(6,147,227,1) 0%,rgb(155,81,224) 100%)","background_repeat":"repeat","background_size":"auto","background_attachment":"scroll","patternColor":{"default":{"color":"#e5e7ea"}},"overlayColor":{"default":{"color":"CT_CSS_SKIP_RULE"}},"backgroundColor":{"default":{"color":"CT_CSS_SKIP_RULE"}}},"pageTitleBackground":{"background_type":"color","background_pattern":"type-1","background_image":{"attachment_id":null,"x":0,"y":0},"gradient":"linear-gradient(135deg,rgba(6,147,227,1) 0%,rgb(155,81,224) 100%)","background_repeat":"repeat","background_size":"auto","background_attachment":"scroll","patternColor":{"default":{"color":"#e5e7ea"}},"overlayColor":{"default":{"color":"CT_CSS_SKIP_RULE"}},"backgroundColor":{"default":{"color":"var(--theme-palette-color-6)"}}},"pageTitlePadding":{"top":"50px","bottom":"50px","left":"auto","right":"auto","linked":true},"2b24494ef125055631fa3fdf7605ac58":"","page_structure_type":"type-1","d11d490ed7c92aea9226e6b0b54d3a08":"","content_style_source":"inherit","content_style":"wide","vertical_spacing_source":"inherit","content_area_spacing":"both","background":{"background_type":"color","background_pattern":"type-1","background_image":{"attachment_id":null,"x":0,"y":0},"gradient":"linear-gradient(135deg,rgba(6,147,227,1) 0%,rgb(155,81,224) 100%)","background_repeat":"repeat","background_size":"auto","background_attachment":"scroll","patternColor":{"default":{"color":"#e5e7ea"}},"overlayColor":{"default":{"color":"CT_CSS_SKIP_RULE"}},"backgroundColor":{"default":{"color":"CT_CSS_SKIP_RULE"}}},"content_background":{"background_type":"color","background_pattern":"type-1","background_image":{"attachment_id":null,"x":0,"y":0},"gradient":"linear-gradient(135deg,rgba(6,147,227,1) 0%,rgb(155,81,224) 100%)","background_repeat":"repeat","background_size":"auto","background_attachment":"scroll","patternColor":{"default":{"color":"#e5e7ea"}},"overlayColor":{"default":{"color":"CT_CSS_SKIP_RULE"}},"backgroundColor":{"default":{"color":"var(--theme-palette-color-8)"}}},"content_boxed_shadow":{"inherit":false,"blur":18,"spread":-6,"v_offset":12,"h_offset":0,"inset":false,"enable":true,"color":{"color":"rgba(34, 56, 101, 0.04)"}},"boxed_content_spacing":{"desktop":{"top":"40px","bottom":"40px","left":"40px","right":"40px","linked":true},"tablet":{"top":"35px","bottom":"35px","left":"35px","right":"35px","linked":true},"mobile":{"top":"20px","bottom":"20px","left":"20px","right":"20px","linked":true}},"content_boxed_radius":{"top":"3px","bottom":"3px","left":"3px","right":"3px","linked":true},"18d44f58d1d9aec74cc228714ad3f8d9":"","disable_featured_image":"no","disable_share_box":"no","disable_header":"no","disable_footer":"no"},"_links":{"self":[{"href":"https:\/\/envitech.no\/no\/wp-json\/wp\/v2\/pages\/41","targetHints":{"allow":["GET"]}}],"collection":[{"href":"https:\/\/envitech.no\/no\/wp-json\/wp\/v2\/pages"}],"about":[{"href":"https:\/\/envitech.no\/no\/wp-json\/wp\/v2\/types\/page"}],"author":[{"embeddable":true,"href":"https:\/\/envitech.no\/no\/wp-json\/wp\/v2\/users\/2"}],"replies":[{"embeddable":true,"href":"https:\/\/envitech.no\/no\/wp-json\/wp\/v2\/comments?post=41"}],"version-history":[{"count":2,"href":"https:\/\/envitech.no\/no\/wp-json\/wp\/v2\/pages\/41\/revisions"}],"predecessor-version":[{"id":1488,"href":"https:\/\/envitech.no\/no\/wp-json\/wp\/v2\/pages\/41\/revisions\/1488"}],"wp:attachment":[{"href":"https:\/\/envitech.no\/no\/wp-json\/wp\/v2\/media?parent=41"}],"curies":[{"name":"wp","href":"https:\/\/api.w.org\/{rel}","templated":true}]}}