{"id":48,"date":"2022-03-28T15:17:18","date_gmt":"2022-03-28T13:17:18","guid":{"rendered":"https:\/\/envitech.digitelle.dev\/?page_id=48"},"modified":"2026-01-16T12:47:23","modified_gmt":"2026-01-16T11:47:23","slug":"envitech-personvernerklaering","status":"publish","type":"page","link":"https:\/\/envitech.no\/no\/company\/envitech-privacy-statement\/","title":{"rendered":"EnviTechs personvernerkl\u00e6ring"},"content":{"rendered":"<h3 class=\"wp-block-heading\">Innhold<\/h3>\n\n\n\n<ol class=\"wp-block-list\">\n<li>Personopplysningene vi behandler<\/li>\n\n\n\n<li>Hvordan vi samler inn data<\/li>\n\n\n\n<li>V\u00e5rt form\u00e5l med \u00e5 behandle personopplysninger<\/li>\n\n\n\n<li>Det juridiske grunnlaget for \u00e5 behandle dine personopplysninger<\/li>\n\n\n\n<li>Dine personopplysninger deles ikke utenfor selskapet<\/li>\n\n\n\n<li>V\u00e5r bruk av prosessorer<\/li>\n\n\n\n<li>Lagring av dine personlige data<\/li>\n\n\n\n<li>Du har rett til \u00e5 administrere dine personopplysninger<\/li>\n\n\n\n<li>Markedsf\u00f8ring og profilering<\/li>\n\n\n\n<li>Endringer<\/li>\n\n\n\n<li>Hvordan kontakte oss<\/li>\n<\/ol>\n\n\n\n<p><\/p>\n\n\n\n<h3 class=\"wp-block-heading\">1. Personopplysningene vi behandler<\/h3>\n\n\n\n<p><strong>Typen personopplysninger som EnviTech behandler kan v\u00e6re:<br><\/strong>\u2022 Grunnleggende personlig informasjon som navn, telefonnummer, firma og e-postadresse.<br>\u2022 Brukerinformasjon som p\u00e5loggings-ID, brukernavn og IP-adresse.<br>\u2022 Statistikk som viser hvordan brukerne bruker programvaren v\u00e5r og forbruker innholdet vi tilbyr.<br>\u2022 Informasjon gitt gjennom jobbs\u00f8knader.<\/p>\n\n\n\n<h3 class=\"wp-block-heading\">2. Hvordan vi samler inn data<\/h3>\n\n\n\n<p>Generelt samler EnviTech inn personopplysninger direkte fra deg eller andre personer knyttet til v\u00e5re kunder. Hvis kunden du jobber for kj\u00f8per EnviTech-produkter eller -tjenester via et EnviTech-partnerselskap, kan vi samle inn informasjon om deg fra partnerselskapet.<\/p>\n\n\n\n<p>Vi vil ogs\u00e5 bruke informasjonskapsler og andre sporingsteknologier n\u00e5r du bruker EnviTech-nettsteder og samhandler med oss via e-post, for \u00e5 optimalisere opplevelsen din av EnviTech, produktene v\u00e5re og nettstedene v\u00e5re. Se v\u00e5re retningslinjer for informasjonskapsler for mer informasjon.<\/p>\n\n\n\n<p>I noen tilfeller kan vi ogs\u00e5 samle inn informasjon om deg fra andre kilder. Disse kildene er mest sannsynlig relatert til v\u00e5r markedsf\u00f8ring og selskapet du er ansatt av, muligens tredjeparts datainnsamlere, EnviTechs markedsf\u00f8ringspartnere, offentlige kilder eller tredjeparts sosiale nettverk.<\/p>\n\n\n\n<h3 class=\"wp-block-heading\">3. V\u00e5rt form\u00e5l med \u00e5 behandle personopplysninger<\/h3>\n\n\n\n<p>Denne EnviTech-personvernerkl\u00e6ringen gjelder n\u00e5r EnviTech og dets partnere behandler dine personopplysninger til ulike form\u00e5l n\u00e5r du samhandler med oss, for eksempel:<\/p>\n\n\n\n<p><strong>Etablering av tjenester<br><\/strong>\u2022 Gi etterspurte tilbud p\u00e5 produkter og tjenester.<br>\u2022 Sette opp bestillinger, avtaler og betalinger.<br>\u2022 Tilby st\u00f8ttetjenester som e-l\u00e6ring, webinarer, rapporter m.m.<br>\u2022 Opprette og tilrettelegge kontoer for brukere av v\u00e5re tjenester.<\/p>\n\n\n\n<p><strong>St\u00f8tte og forbedre<br><\/strong>\u2022 Forbedre og utvikle kvaliteten, funksjonaliteten og brukeropplevelsen til v\u00e5re produkter og tjenester.<br>\u2022 Tilby kundest\u00f8tte for v\u00e5re produkter og tjenester.<br>\u2022 Drifte brukerfellesskap for \u00e5 utdanne og muliggj\u00f8re interaksjon mellom brukere og EnviTech.<\/p>\n\n\n\n<p><strong>Markedsf\u00f8ring<br><\/strong>\u2022 Administrere og sende markedsf\u00f8ringspreferanser og innhold<br>\u2022 Lag interesseprofiler for \u00e5 fremme relevante produkter og tjenester.<\/p>\n\n\n\n<p>Sikkerhet<br>\u2022 Oppdage, redusere og forhindre sikkerhetstrusler og misbruk, og utf\u00f8re vedlikehold og feils\u00f8king.<\/p>\n\n\n\n<p>For mer informasjon om dette, vennligst kontakt kundest\u00f8tte.<\/p>\n\n\n\n<h3 class=\"wp-block-heading\">4. Det rettslige grunnlaget for \u00e5 behandle dine personopplysninger<\/h3>\n\n\n\n<p><strong>Vi behandler data basert p\u00e5 flere juridiske grunnlag.<\/strong><\/p>\n\n\n\n<p><strong>Berettiget interesse<br><\/strong>EnviTech har en legitim interesse n\u00e5r vi behandler dataene dine for st\u00f8tte- og forbedringsform\u00e5l, for sikkerhet eller n\u00e5r du fungerer som kundekontakt\/lead for v\u00e5re eksisterende og potensielle kunder. Dine personopplysninger behandles fra et forretningsperspektiv p\u00e5 en m\u00e5te som vi mener ikke er i konflikt med dine personvernrettigheter eller friheter.<\/p>\n\n\n\n<p><strong>Ditt samtykke<br><\/strong>EnviTech kan behandle dine personopplysninger basert p\u00e5 samtykke. Du vil alltid kunne trekke tilbake samtykket ditt etter at du har gitt samtykket.<\/p>\n\n\n\n<p><strong>Avtale med deg<br><\/strong>Vi behandler dine personopplysninger n\u00e5r du s\u00f8ker jobb i EnviTech. Behandling av dine personopplysninger som CV, s\u00f8knad og referanser er n\u00f8dvendig for at EnviTech skal h\u00e5ndtere foresp\u00f8rsler om arbeidss\u00f8kere f\u00f8r en kontrakt inng\u00e5s.<\/p>\n\n\n\n<p>Videre behandler EnviTech data basert p\u00e5 legitim interesse hvis du registrerer deg for et webinar, laster ned rapporter eller annet innhold fra v\u00e5re nettsider og bruker EnviTech-fellesskap. Den legitime interessen er \u00e5 gi deg riktig innhold, holde webinarer, gj\u00f8re markedsf\u00f8ring og administrere foresp\u00f8rslene dine.<\/p>\n\n\n\n<h3 class=\"wp-block-heading\">5. Dine personopplysninger deles ikke utenfor selskapet<\/h3>\n\n\n\n<p>Hovedlinjen er at personopplysninger ikke deles utenfor selskapet. EnviTech kan dele din personlige informasjon med v\u00e5re forretningspartnere i tilfelle dette er legitimt fra et forretningsperspektiv og i henhold til gjeldende personvernlovgivning. EnviTech kan ogs\u00e5 dele dine personopplysninger med eksterne tredjeparter hvis du lager et innlegg, kommentar eller lignende p\u00e5 EnviTech-brukerfellesskap eller andre fora p\u00e5 EnviTech-nettsteder. Politiet og andre myndigheter kan be om innsyn i personopplysninger fra EnviTech. I disse tilfellene vil EnviTech kun gi dataene dersom det foreligger en rettskjennelse eller lignende, for \u00e5 gj\u00f8re det.<\/p>\n\n\n\n<h3 class=\"wp-block-heading\">6. <strong>V\u00e5r bruk av prosessorer<\/strong><\/h3>\n\n\n\n<p>EnviTech bruker prosessorer for \u00e5 behandle personopplysninger. Disse prosessorene er vanligvis leverand\u00f8rer av skytjenester eller andre IT-vertstjenester. Ved bruk av prosessorer vil EnviTech inng\u00e5 en databehandleravtale for \u00e5 ivareta dine personvernrettigheter. Hvis prosessorer er lokalisert utenfor EU\/E\u00d8S, sikrer EnviTech juridisk grunnlag for slike internasjonale overf\u00f8ringer p\u00e5 dine vegne, nedenfor ved \u00e5 bruke EUs modellklausuler.<\/p>\n\n\n\n<p>Du er alltid velkommen til \u00e5 be om en oversikt og mer detaljert informasjon om EnviTechs prosessorer. For hvordan du kontakter EnviTech, se siste del av denne erkl\u00e6ringen.<\/p>\n\n\n\n<h3 class=\"wp-block-heading\">7. Lagring av dine personlige data<\/h3>\n\n\n\n<p>EnviTech vil kun lagre dine personopplysninger s\u00e5 lenge det er n\u00f8dvendig for \u00e5 oppfylle v\u00e5re kontraktsmessige forpliktelser. Ved behandling av dine personopplysninger p\u00e5 andre juridiske grunnlag, for eksempel legitim interesse, lagres data s\u00e5 lenge det er n\u00f8dvendig for \u00e5 oppfylle form\u00e5let med behandlingen. Derfor kan dine personopplysninger v\u00e6re underlagt ulike retningslinjer for oppbevaring basert p\u00e5 typen data og form\u00e5let med \u00e5 samle dem inn. Her er noen eksempler:<\/p>\n\n\n\n<p>Ved rekruttering vil EnviTech slette dine personopplysninger som CV, s\u00f8knad og andre dokumenter n\u00e5r rekrutteringsprosessen er stengt, typisk maksimalt 6 m\u00e5neder etter s\u00f8knadsfristen, med mindre annet er avtalt med deg. Et annet eksempel er kontaktinformasjon som er lagret for markedsf\u00f8ringsform\u00e5l, inkludert potensielle kunder eller prospekter. For ytterligere informasjon om sletting, ta gjerne kontakt med EnviTech (se kontaktinformasjon i siste del av denne erkl\u00e6ringen).<\/p>\n\n\n\n<h3 class=\"wp-block-heading\">8. Du har rett til \u00e5 administrere dine personopplysninger<\/h3>\n\n\n\n<p>Du har rett til innsyn i dine personopplysninger ved \u00e5 be om en oversikt over hvilke personopplysninger vi behandler om deg. Du kan ogs\u00e5 be om at EnviTech retter opp un\u00f8yaktigheter i dine personopplysninger. Du har rett til \u00e5 be om sletting av dine personopplysninger. Og selvf\u00f8lgelig har du ogs\u00e5 rett til \u00e5 sende inn en klage til databeskyttelsesmyndighetene med hensyn til v\u00e5r behandling av dine personopplysninger.<\/p>\n\n\n\n<h3 class=\"wp-block-heading\">9. Markedsf\u00f8ring og profilering<\/h3>\n\n\n\n<p><strong>Berettiget interesse<br><\/strong>N\u00e5r du samhandler med EnviTech ved \u00e5 bes\u00f8ke EnviTech-nettsider, laste ned innhold, delta p\u00e5 webinarer og som en del av bruken av EnviTechs tjenester, vil EnviTech behandle dine personopplysninger basert p\u00e5 legitim interesse. En av EnviTechs legitime interesser er behandling av personopplysninger for direkte markedsf\u00f8ringsform\u00e5l.<\/p>\n\n\n\n<p>Personopplysningene som behandles er aggregerte detaljer om deg som IP-adresse, interesser (hvor du har klikket osv.), brukernavn og enhet. Dette gj\u00f8res gjennom teknologier som informasjonskapsler og kalles profilering. EnviTech vil ogs\u00e5 kunne kombinere denne informasjonen med informasjon om kundeforholdet vi m\u00e5tte ha med din bedrift.<\/p>\n\n\n\n<p>Form\u00e5let med profileringen er \u00e5 levere tilpasset markedsf\u00f8ring til deg og forbedre din brukeropplevelse med v\u00e5re tjenester\/nettsider. Dine personopplysninger behandles fra et forretningsperspektiv p\u00e5 en m\u00e5te som vi mener ikke er i konflikt med dine friheter og rettigheter som individ.<\/p>\n\n\n\n<p>EnviTech bruker e-post som et verkt\u00f8y for \u00e5 kommunisere markedsf\u00f8ring, men bare hvis du har samtykket i samsvar med nasjonal markedsf\u00f8ringslovgivning (hvis n\u00f8dvendig). Hvis du har samtykket, vil du alltid ha muligheten til \u00e5 velge bort som beskrevet nedenfor, eller n\u00e5r du mottar en e-post med markedsf\u00f8ring.<\/p>\n\n\n\n<p><strong>Rett til \u00e5 avslutte markedskommunikasjon<br><\/strong>Du har rett til \u00e5 avslutte markedskommunikasjon fra EnviTech og bli gjenstand for profilering. Du kan gj\u00f8re dette ved \u00e5:<br>\u2022 F\u00f8lge instruksjonene for opt-out i den relevante markedskommunikasjonen<br>\u2022 Endre preferanser under den relevante redigeringskontoen hvis du har en konto hos EnviTech<br>\u2022 Kontakt oss via e-post p\u00e5 privacy@EnviTech.com<br>\u2022 Bruke det aktuelle abonnementsadministrasjonsverkt\u00f8yet<\/p>\n\n\n\n<p>Du vil ogs\u00e5 alltid ha muligheten til \u00e5 velge inn\/ute av informasjonskapsler p\u00e5 en bestemt nettside, gjennom v\u00e5rt cookie-banner.<\/p>\n\n\n\n<p>V\u00e6r oppmerksom p\u00e5 at selv om du velger bort \u00e5 motta markedskommunikasjon, kan du fortsatt motta administrativ kommunikasjon fra EnviTech, for eksempel ordrebekreftelser og varsler som er n\u00f8dvendige for \u00e5 administrere kontoen din eller tjenestene som tilbys til kunder.<\/p>\n\n\n\n<h3 class=\"wp-block-heading\">10. Endringer<\/h3>\n\n\n\n<p>Vi oppfordrer deg til \u00e5 gjennomg\u00e5 erkl\u00e6ringen regelmessig. Hvis vi gj\u00f8r betydelige endringer i v\u00e5r erkl\u00e6ring som vesentlig endrer v\u00e5r personvernpraksis, kan vi ogs\u00e5 varsle deg p\u00e5 andre m\u00e5ter, for eksempel ved \u00e5 sende en e-post eller legge ut en melding p\u00e5 v\u00e5r bedriftsnettside og\/eller sosiale medier-sider f\u00f8r endringene trer i kraft.<\/p>\n\n\n\n<p>Personvernerkl\u00e6ringen revideres minst \u00e5rlig og endringer godkjennes av EnviTech Privacy Council. Sist oppdatert: 2021-09-13.<\/p>\n\n\n\n<h3 class=\"wp-block-heading\">11. Hvordan kontakte oss<\/h3>\n\n\n\n<p>EnviTech er et norsk selskap, med forretningspartnere og tekniske systemer som krysser grenser globalt. EnviTech leverer programvare og tjenester til private og offentlige virksomheter over hele verden. EnviTechs hovedkontor ligger i Oslo.<\/p>\n\n\n\n<p>Den behandlingsansvarlige for behandlingen av dine personopplysninger er:<\/p>\n\n\n\n<p>Navn Navn. EnviTech AS<br>Hovedkontor: Kj\u00f8rbokollen 30, 1336 Sandvika, Norge<\/p>\n\n\n\n<p>Vi setter pris p\u00e5 din mening. Hvis du har kommentarer eller sp\u00f8rsm\u00e5l om personvernerkl\u00e6ringen v\u00e5r, eller personvernhensyn, inkludert ang\u00e5ende et mulig brudd p\u00e5 personvernet ditt, vennligst send dem til envitech@envitech.no.<\/p>\n\n\n\n<p>Vi vil behandle dine foresp\u00f8rsler eller klager konfidensielt. V\u00e5r representant vil kontakte deg for \u00e5 l\u00f8se dine bekymringer og skissere alternativene for hvordan disse kan l\u00f8ses. Vi tar sikte p\u00e5 \u00e5 sikre at klager blir l\u00f8st p\u00e5 en rettidig og hensiktsmessig m\u00e5te.<\/p>","protected":false},"excerpt":{"rendered":"<p>Contents 1. The personal data we process The type of personal data that EnviTech processes may be:\u2022 Basic personal information such as name, telephone number, company, and email address.\u2022 User information such as login ID, username, and IP address.\u2022 Statistics that show how the users use our software and consume the content we offer.\u2022 Information [&hellip;]<\/p>\n","protected":false},"author":2,"featured_media":0,"parent":43,"menu_order":0,"comment_status":"closed","ping_status":"closed","template":"","meta":{"_seopress_robots_primary_cat":"","_seopress_titles_title":"Privacy Policy \u2013 Your data protection at EnviTech","_seopress_titles_desc":"Read how EnviTech handles personal data according to applicable privacy regulations and GDPR.","_seopress_robots_index":"","footnotes":""},"class_list":["post-48","page","type-page","status-publish","hentry"],"blocksy_meta":{"styles_descriptor":{"styles":{"desktop":"","tablet":"","mobile":""},"google_fonts":[],"version":6}},"_links":{"self":[{"href":"https:\/\/envitech.no\/no\/wp-json\/wp\/v2\/pages\/48","targetHints":{"allow":["GET"]}}],"collection":[{"href":"https:\/\/envitech.no\/no\/wp-json\/wp\/v2\/pages"}],"about":[{"href":"https:\/\/envitech.no\/no\/wp-json\/wp\/v2\/types\/page"}],"author":[{"embeddable":true,"href":"https:\/\/envitech.no\/no\/wp-json\/wp\/v2\/users\/2"}],"replies":[{"embeddable":true,"href":"https:\/\/envitech.no\/no\/wp-json\/wp\/v2\/comments?post=48"}],"version-history":[{"count":2,"href":"https:\/\/envitech.no\/no\/wp-json\/wp\/v2\/pages\/48\/revisions"}],"predecessor-version":[{"id":1490,"href":"https:\/\/envitech.no\/no\/wp-json\/wp\/v2\/pages\/48\/revisions\/1490"}],"up":[{"embeddable":true,"href":"https:\/\/envitech.no\/no\/wp-json\/wp\/v2\/pages\/43"}],"wp:attachment":[{"href":"https:\/\/envitech.no\/no\/wp-json\/wp\/v2\/media?parent=48"}],"curies":[{"name":"wp","href":"https:\/\/api.w.org\/{rel}","templated":true}]}}