{"id":50,"date":"2022-03-28T15:17:42","date_gmt":"2022-03-28T13:17:42","guid":{"rendered":"https:\/\/envitech.digitelle.dev\/?page_id=50"},"modified":"2025-04-08T12:11:05","modified_gmt":"2025-04-08T10:11:05","slug":"envitech-data-eierskap-og-sikkerhetserklaering","status":"publish","type":"page","link":"https:\/\/envitech.no\/no\/company\/envitech-data-ownership-and-security-statement\/","title":{"rendered":"EnviTech Databeskyttelse og eierskapserkl\u00e6ring"},"content":{"rendered":"<h2 class=\"wp-block-heading\">Plassering med h\u00f8yeste sikkerhetsniv\u00e5<\/h2>\n\n\n\n<p>MapGraph-servere er samlokalisert ved et serveranlegg for nasjonale myndigheter. Plasseringen er n\u00f8ye valgt i knutepunktet mellom to eller flere regionale str\u00f8mnett. Hvis ett rutenett faller ut, vil andre fortsatt v\u00e6re operative. Anlegget har ogs\u00e5 reservestr\u00f8mgeneratorer. Det samme prinsippet brukes p\u00e5 den store internettilgangskapasiteten, som betjener befolkningen ved topphendelser. Tilgangskontroll, b\u00e5de virtuell og av mennesker, har det h\u00f8yeste sikkerhetsniv\u00e5et.<\/p>\n\n\n\n<h2 class=\"wp-block-heading\">Flere sikkerhetskopier av dataene dine<\/h2>\n\n\n\n<p>MapGraph er en sikkerhetskopi i seg selv, av data som kontinuerlig str\u00f8mmer inn fra alle slags kilder. Disse kildene er laboratorier, SCADA-systemer, avfallsvektsystemer, \u00f8konomi eller noen form for databaser, til og med offentlige data p\u00e5 internett som lokale klimadata. Det eneste unntaket kan v\u00e6re m\u00e5lestasjoner (IoT) levert av MapGraph eller andre, som streamer m\u00e5linger direkte til v\u00e5re servere. Disse vil v\u00e6re begrenset til loggkapasiteten p\u00e5 enheten. V\u00e5re servere sikkerhetskopieres daglig p\u00e5 anlegget. I tillegg gj\u00f8res en ekstra backup daglig til et annet sted.<\/p>\n\n\n\n<h2 class=\"wp-block-heading\">Dataeierskap<\/h2>\n\n\n\n<p>Dataene i MapGraph eies i sin helhet av klienten. Kunden kan n\u00e5r som helst kopiere ethvert utvalg av data tilbake til bedriftens servere.<\/p>\n\n\n\n<h2 class=\"wp-block-heading\">konfidensialitet<\/h2>\n\n\n\n<p>EnviTech AS har ikke tillatelse til p\u00e5 noen m\u00e5te \u00e5 bruke dataene til andre form\u00e5l.<\/p>\n\n\n\n<p>Disse systemene og prosedyrene sikrer dataene dine p\u00e5 det h\u00f8yeste tilgjengelige sikkerhetsniv\u00e5et.<\/p>","protected":false},"excerpt":{"rendered":"<p>Location with the highest security level MapGraph servers are co-located at a server facility for national authorities. The location has been carefully selected at the junction between two or more regional power grids. If one grid falls out, others will still be operative. The facility also has reserve power generators. The same principle is applied [&hellip;]<\/p>\n","protected":false},"author":2,"featured_media":0,"parent":43,"menu_order":0,"comment_status":"closed","ping_status":"closed","template":"","meta":{"_seopress_robots_primary_cat":"","_seopress_titles_title":"Privacy Policy \u2013 Your data protection at EnviTech","_seopress_titles_desc":"Read how EnviTech handles personal data according to applicable privacy regulations and GDPR.","_seopress_robots_index":"","footnotes":""},"class_list":["post-50","page","type-page","status-publish","hentry"],"blocksy_meta":{"styles_descriptor":{"styles":{"desktop":"","tablet":"","mobile":""},"google_fonts":[],"version":6},"page_title_panel":"","has_hero_section":"default","c08ea01085c77d808c479fb2d8b9e34e":"","hero_section":"type-1","hero_elements":[{"id":"custom_title","enabled":true,"heading_tag":"h1","title":"Hjem"},{"id":"custom_description","enabled":true,"description_visibility":{"desktop":true,"tablet":true,"mobile":false}},{"id":"custom_meta","enabled":false,"meta_elements":[{"id":"author","enabled":true,"label":"By","has_author_avatar":"yes","avatar_size":25},{"id":"post_date","enabled":true,"label":"On","date_format_source":"default","date_format":"M j, Y"},{"id":"updated_date","enabled":false,"label":"On","date_format_source":"default","date_format":"M j, Y"},{"id":"categories","enabled":false,"label":"In","style":"simple"},{"id":"comments","enabled":true}],"page_meta_elements":{"joined":true,"articles_count":true,"comments":true}},{"id":"breadcrumbs","enabled":false}],"04c7108793f94d320a8da7d6607a8daa":"","hero_alignment1":"CT_CSS_SKIP_RULE","hero_margin":40,"hero_alignment2":"center","hero_vertical_alignment":"center","f5ea1e57ea5893fdba786f55be3b7a56":"","hero_structure":"narrow","6e1d6a4c2c6dccb2418f53fd10a43e49":"","page_title_bg_type":"featured_image","custom_hero_background":{"attachment_id":null},"page_title_image_size":"full","parallax":{"desktop":false,"tablet":false,"mobile":false},"41b6a3f89f3819ecc3b0f3cfabc470f1":"","hero_height":"250px","pageTitleFont":{"family":"Default","variation":"Default","size":"30px","line-height":"CT_CSS_SKIP_RULE","letter-spacing":"CT_CSS_SKIP_RULE","text-transform":"CT_CSS_SKIP_RULE","text-decoration":"CT_CSS_SKIP_RULE"},"pageTitleFontColor":{"default":{"color":"CT_CSS_SKIP_RULEDEFAULT"}},"pageMetaFont":{"family":"Default","variation":"n6","size":"12px","line-height":"1.3","letter-spacing":"CT_CSS_SKIP_RULE","text-transform":"uppercase","text-decoration":"CT_CSS_SKIP_RULE"},"pageMetaFontColor":{"default":{"color":"CT_CSS_SKIP_RULEDEFAULT"},"hover":{"color":"CT_CSS_SKIP_RULEDEFAULT"}},"page_meta_button_type_font_colors":{"default":{"color":"CT_CSS_SKIP_RULEDEFAULT"},"hover":{"color":"CT_CSS_SKIP_RULEDEFAULT"}},"page_meta_button_type_background_colors":{"default":{"color":"CT_CSS_SKIP_RULEDEFAULT"},"hover":{"color":"CT_CSS_SKIP_RULEDEFAULT"}},"pageExcerptFont":{"family":"Default","variation":"Default","size":"CT_CSS_SKIP_RULE","line-height":"CT_CSS_SKIP_RULE","letter-spacing":"CT_CSS_SKIP_RULE","text-transform":"CT_CSS_SKIP_RULE","text-decoration":"CT_CSS_SKIP_RULE"},"pageExcerptColor":{"default":{"color":"CT_CSS_SKIP_RULEDEFAULT"}},"breadcrumbsFont":{"family":"Default","variation":"Default","size":"CT_CSS_SKIP_RULE","line-height":"CT_CSS_SKIP_RULE","letter-spacing":"CT_CSS_SKIP_RULE","text-transform":"CT_CSS_SKIP_RULE","text-decoration":"CT_CSS_SKIP_RULE"},"breadcrumbsFontColor":{"default":{"color":"CT_CSS_SKIP_RULEDEFAULT"},"initial":{"color":"CT_CSS_SKIP_RULEDEFAULT"},"hover":{"color":"CT_CSS_SKIP_RULEDEFAULT"}},"acf_field_hero_elements":"","typography":{"family":"Default","variation":"Default","size":"CT_CSS_SKIP_RULE","line-height":"CT_CSS_SKIP_RULE","letter-spacing":"CT_CSS_SKIP_RULE","text-transform":"CT_CSS_SKIP_RULE","text-decoration":"CT_CSS_SKIP_RULE"},"color":{"default":{"color":"CT_CSS_SKIP_RULEDEFAULT"},"hover":{"color":"CT_CSS_SKIP_RULEDEFAULT"}},"metabox_field_hero_elements":"","toolset_field_hero_elements":"","jetengine_field_hero_elements":"","custom_field_hero_elements":"","pageTitleOverlay":{"background_type":"color","background_pattern":"type-1","background_image":{"attachment_id":null,"x":0,"y":0},"gradient":"linear-gradient(135deg,rgba(6,147,227,1) 0%,rgb(155,81,224) 100%)","background_repeat":"repeat","background_size":"auto","background_attachment":"scroll","patternColor":{"default":{"color":"#e5e7ea"}},"overlayColor":{"default":{"color":"CT_CSS_SKIP_RULE"}},"backgroundColor":{"default":{"color":"CT_CSS_SKIP_RULE"}}},"pageTitleBackground":{"background_type":"color","background_pattern":"type-1","background_image":{"attachment_id":null,"x":0,"y":0},"gradient":"linear-gradient(135deg,rgba(6,147,227,1) 0%,rgb(155,81,224) 100%)","background_repeat":"repeat","background_size":"auto","background_attachment":"scroll","patternColor":{"default":{"color":"#e5e7ea"}},"overlayColor":{"default":{"color":"CT_CSS_SKIP_RULE"}},"backgroundColor":{"default":{"color":"var(--theme-palette-color-6)"}}},"pageTitlePadding":{"top":"50px","bottom":"50px","left":"auto","right":"auto","linked":true},"cfec48b4f4bc40e8a6289ce9b6335ccf":"","page_structure_type":"default","317902b6080ec9a5663115c527d8b186":"","content_style_source":"inherit","content_style":"wide","vertical_spacing_source":"inherit","content_area_spacing":"both","background":{"background_type":"color","background_pattern":"type-1","background_image":{"attachment_id":null,"x":0,"y":0},"gradient":"linear-gradient(135deg,rgba(6,147,227,1) 0%,rgb(155,81,224) 100%)","background_repeat":"repeat","background_size":"auto","background_attachment":"scroll","patternColor":{"default":{"color":"#e5e7ea"}},"overlayColor":{"default":{"color":"CT_CSS_SKIP_RULE"}},"backgroundColor":{"default":{"color":"CT_CSS_SKIP_RULE"}}},"content_background":{"background_type":"color","background_pattern":"type-1","background_image":{"attachment_id":null,"x":0,"y":0},"gradient":"linear-gradient(135deg,rgba(6,147,227,1) 0%,rgb(155,81,224) 100%)","background_repeat":"repeat","background_size":"auto","background_attachment":"scroll","patternColor":{"default":{"color":"#e5e7ea"}},"overlayColor":{"default":{"color":"CT_CSS_SKIP_RULE"}},"backgroundColor":{"default":{"color":"var(--theme-palette-color-8)"}}},"content_boxed_shadow":{"inherit":false,"blur":18,"spread":-6,"v_offset":12,"h_offset":0,"inset":false,"enable":true,"color":{"color":"rgba(34, 56, 101, 0.04)"}},"boxed_content_spacing":{"desktop":{"top":"40px","bottom":"40px","left":"40px","right":"40px","linked":true},"tablet":{"top":"35px","bottom":"35px","left":"35px","right":"35px","linked":true},"mobile":{"top":"20px","bottom":"20px","left":"20px","right":"20px","linked":true}},"content_boxed_radius":{"top":"3px","bottom":"3px","left":"3px","right":"3px","linked":true},"cf8b4103d1f012ae3fc17cefb58ddfdc":"","disable_featured_image":"no","disable_share_box":"no","disable_header":"no","disable_footer":"no","db72799ee41638b7941c416679d99b21":"","374cfcb100611a8a125e91f107793025":"","272850162c68a52b9c7f4a827779fefb":"","ca1949d74fba5f52f4a6bf2a18f65bd8":"","1b98cc576ca019d8eea2818d174a5cf4":"","b458e8035834dbd54f76609acefd33c4":"","fe831d228ae7ca77c9287fb50167ce31":"","20a70f0b290e4fcf2b180d2b366165e7":"","38d6c4c2816ce487771cc3e963b06153":"","5b9d6b65f640fadfc6605131554162d0":"","d8d8ef6859d83606858ccf73cccc9306":"","8b3484b838bcaf37051c9e5c4de86484":"","191fea2f0686c33839fd7254352cbc3b":"","98f846ca3908837aee2f7516107aed6a":"","7b64d513a4325324c7ff133aca417394":"","e38a78109dc231c718de643134fc012b":"","f299d88c9dafd8a0d7a4cc1223ecb17b":"","e7cbc8fac0da1c5eea40c98730d67bc3":"","26805c43000e4db3098774e73338b58e":"","b7dba9ad5ff61d70e1ac2c014bf30c79":"","359715cf0c81b34d6c9b294b5abd5849":"","bc6eaac07f6839613eab53f5158c322b":"","c3060058cac172a77a480c39a6c9f744":"","cf5e41e22b76f608f0d31add1bab8c48":""},"_links":{"self":[{"href":"https:\/\/envitech.no\/no\/wp-json\/wp\/v2\/pages\/50","targetHints":{"allow":["GET"]}}],"collection":[{"href":"https:\/\/envitech.no\/no\/wp-json\/wp\/v2\/pages"}],"about":[{"href":"https:\/\/envitech.no\/no\/wp-json\/wp\/v2\/types\/page"}],"author":[{"embeddable":true,"href":"https:\/\/envitech.no\/no\/wp-json\/wp\/v2\/users\/2"}],"replies":[{"embeddable":true,"href":"https:\/\/envitech.no\/no\/wp-json\/wp\/v2\/comments?post=50"}],"version-history":[{"count":1,"href":"https:\/\/envitech.no\/no\/wp-json\/wp\/v2\/pages\/50\/revisions"}],"predecessor-version":[{"id":1448,"href":"https:\/\/envitech.no\/no\/wp-json\/wp\/v2\/pages\/50\/revisions\/1448"}],"up":[{"embeddable":true,"href":"https:\/\/envitech.no\/no\/wp-json\/wp\/v2\/pages\/43"}],"wp:attachment":[{"href":"https:\/\/envitech.no\/no\/wp-json\/wp\/v2\/media?parent=50"}],"curies":[{"name":"wp","href":"https:\/\/api.w.org\/{rel}","templated":true}]}}